{"id":23792,"date":"2022-08-04T09:57:39","date_gmt":"2022-08-04T07:57:39","guid":{"rendered":"https:\/\/www.hqegbc.org\/les-formations-hqe\/"},"modified":"2023-04-14T09:21:26","modified_gmt":"2023-04-14T07:21:26","slug":"hqe-approved-training","status":"publish","type":"page","link":"https:\/\/www.hqegbc.org\/en\/hqe-approved-training\/","title":{"rendered":"HQE approved training"},"content":{"rendered":"\t\t<div data-elementor-type=\"wp-page\" data-elementor-id=\"23792\" class=\"elementor elementor-23792 elementor-13840\" data-elementor-post-type=\"page\">\n\t\t\t\t\t\t<section class=\"elementor-section elementor-top-section elementor-element elementor-element-dc4a338 elementor-reverse-mobile elementor-section-full_width elementor-section-height-default elementor-section-height-default\" data-id=\"dc4a338\" data-element_type=\"section\" data-e-type=\"section\" data-settings=\"{&quot;background_background&quot;:&quot;classic&quot;,&quot;background_motion_fx_motion_fx_scrolling&quot;:&quot;yes&quot;,&quot;background_motion_fx_blur_effect&quot;:&quot;yes&quot;,&quot;background_motion_fx_blur_direction&quot;:&quot;out-in&quot;,&quot;background_motion_fx_blur_level&quot;:{&quot;unit&quot;:&quot;px&quot;,&quot;size&quot;:7,&quot;sizes&quot;:[]},&quot;background_motion_fx_blur_range&quot;:{&quot;unit&quot;:&quot;%&quot;,&quot;size&quot;:&quot;&quot;,&quot;sizes&quot;:{&quot;start&quot;:20,&quot;end&quot;:80}},&quot;background_motion_fx_devices&quot;:[&quot;desktop&quot;,&quot;tablet&quot;,&quot;mobile&quot;]}\">\n\t\t\t\t\t\t\t<div class=\"elementor-background-overlay\"><\/div>\n\t\t\t\t\t\t\t<div class=\"elementor-container elementor-column-gap-default\">\n\t\t\t\t\t<div class=\"elementor-column elementor-col-50 elementor-top-column elementor-element elementor-element-1e0cbd2\" data-id=\"1e0cbd2\" data-element_type=\"column\" data-e-type=\"column\" data-settings=\"{&quot;background_background&quot;:&quot;classic&quot;}\">\n\t\t\t<div class=\"elementor-widget-wrap elementor-element-populated\">\n\t\t\t\t\t\t<div class=\"elementor-element elementor-element-f8639e7 elementor-widget elementor-widget-wp-widget-bcn_widget\" data-id=\"f8639e7\" data-element_type=\"widget\" data-e-type=\"widget\" data-widget_type=\"wp-widget-bcn_widget.default\">\n\t\t\t\t<div class=\"elementor-widget-container\">\n\t\t\t\t\t<div class=\"breadcrumbs\" vocab=\"https:\/\/schema.org\/\" typeof=\"BreadcrumbList\"><span property=\"itemListElement\" typeof=\"ListItem\"><a property=\"item\" typeof=\"WebPage\" title=\"Go to accueil.\" href=\"https:\/\/www.hqegbc.org\/en\/\" class=\"home\" ><span property=\"name\">Accueil<\/span><\/a><meta property=\"position\" content=\"1\"><\/span><span style=\"margin: 0 12px\">\/<\/span><span property=\"itemListElement\" typeof=\"ListItem\"><a property=\"item\" typeof=\"WebPage\" title=\"Go to Actus.\" href=\"https:\/\/www.hqegbc.org\/actuallite-alliance-hqe-gb\/\" class=\"post-root post post-post\" aria-current=\"page\"><span property=\"name\">Actus<\/span><\/a><meta property=\"position\" content=\"2\"><\/span><\/div>\t\t\t\t<\/div>\n\t\t\t\t<\/div>\n\t\t\t\t<div class=\"elementor-element elementor-element-d0a9996 elementor-widget elementor-widget-theme-post-title elementor-page-title elementor-widget-heading\" data-id=\"d0a9996\" data-element_type=\"widget\" data-e-type=\"widget\" data-widget_type=\"theme-post-title.default\">\n\t\t\t\t<div class=\"elementor-widget-container\">\n\t\t\t\t\t<h1 class=\"elementor-heading-title elementor-size-default\">HQE approved training<\/h1>\t\t\t\t<\/div>\n\t\t\t\t<\/div>\n\t\t\t\t\t<\/div>\n\t\t<\/div>\n\t\t\t\t<div class=\"elementor-column elementor-col-50 elementor-top-column elementor-element elementor-element-965775b elementor-hidden-mobile\" data-id=\"965775b\" data-element_type=\"column\" data-e-type=\"column\" data-settings=\"{&quot;background_background&quot;:&quot;classic&quot;}\">\n\t\t\t<div class=\"elementor-widget-wrap\">\n\t\t\t\t\t<div class=\"elementor-background-overlay\"><\/div>\n\t\t\t\t\t\t\t<\/div>\n\t\t<\/div>\n\t\t\t\t\t<\/div>\n\t\t<\/section>\n\t\t\t\t<section class=\"elementor-section elementor-top-section elementor-element elementor-element-554c740 single-page-content elementor-section-boxed elementor-section-height-default elementor-section-height-default\" data-id=\"554c740\" data-element_type=\"section\" data-e-type=\"section\">\n\t\t\t\t\t\t<div class=\"elementor-container elementor-column-gap-default\">\n\t\t\t\t\t<div class=\"elementor-column elementor-col-100 elementor-top-column elementor-element elementor-element-98a2b80\" data-id=\"98a2b80\" data-element_type=\"column\" data-e-type=\"column\">\n\t\t\t<div class=\"elementor-widget-wrap elementor-element-populated\">\n\t\t\t\t\t\t<div class=\"elementor-element elementor-element-0bbbeb7 orange-underline elementor-widget elementor-widget-heading\" data-id=\"0bbbeb7\" data-element_type=\"widget\" data-e-type=\"widget\" data-widget_type=\"heading.default\">\n\t\t\t\t<div class=\"elementor-widget-container\">\n\t\t\t\t\t<h2 class=\"elementor-heading-title elementor-size-default\">HQE approved training for an HQE project<\/h2>\t\t\t\t<\/div>\n\t\t\t\t<\/div>\n\t\t\t\t<div class=\"elementor-element elementor-element-fada257 elementor-widget elementor-widget-text-editor\" data-id=\"fada257\" data-element_type=\"widget\" data-e-type=\"widget\" data-widget_type=\"text-editor.default\">\n\t\t\t\t<div class=\"elementor-widget-container\">\n\t\t\t\t\t\t\t\t\t<p>The training provided mainly concerns the fundamentals of the HQE standards and certification. Some training extends into more in-depth training by theme and\/or regulation related to HQE.<\/p>\t\t\t\t\t\t\t\t<\/div>\n\t\t\t\t<\/div>\n\t\t\t\t<div class=\"elementor-element elementor-element-0de9136 elementor-widget elementor-widget-toggle\" data-id=\"0de9136\" data-element_type=\"widget\" data-e-type=\"widget\" data-widget_type=\"toggle.default\">\n\t\t\t\t<div class=\"elementor-widget-container\">\n\t\t\t\t\t\t\t<div class=\"elementor-toggle\">\n\t\t\t\t\t\t\t<div class=\"elementor-toggle-item\">\n\t\t\t\t\t<h3 id=\"elementor-tab-title-1451\" class=\"elementor-tab-title\" data-tab=\"1\" role=\"button\" aria-controls=\"elementor-tab-content-1451\" aria-expanded=\"false\">\n\t\t\t\t\t\t\t\t\t\t\t\t<span class=\"elementor-toggle-icon elementor-toggle-icon-right\" aria-hidden=\"true\">\n\t\t\t\t\t\t\t\t\t\t\t\t\t\t\t<span class=\"elementor-toggle-icon-closed\"><i class=\"fas fa-angle-down\"><\/i><\/span>\n\t\t\t\t\t\t\t\t<span class=\"elementor-toggle-icon-opened\"><i class=\"elementor-toggle-icon-opened fas fa-angle-up\"><\/i><\/span>\n\t\t\t\t\t\t\t\t\t\t\t\t\t<\/span>\n\t\t\t\t\t\t\t\t\t\t\t\t<a class=\"elementor-toggle-title\" tabindex=\"0\">QUALITEL Formation<\/a>\n\t\t\t\t\t<\/h3>\n\n\t\t\t\t\t<div id=\"elementor-tab-content-1451\" class=\"elementor-tab-content elementor-clearfix\" data-tab=\"1\" role=\"region\" aria-labelledby=\"elementor-tab-title-1451\"><img decoding=\"async\" class=\"alignnone wp-image-14155\" src=\"https:\/\/www.hqegbc.org\/wp-content\/uploads\/2022\/08\/qualitelformation-logo-300x132.png\" alt=\"Qualitel Formation\" width=\"300\" height=\"132\" srcset=\"https:\/\/www.hqegbc.org\/wp-content\/uploads\/2022\/08\/qualitelformation-logo-300x132.png 300w, https:\/\/www.hqegbc.org\/wp-content\/uploads\/2022\/08\/qualitelformation-logo.png 634w\" sizes=\"(max-width: 300px) 100vw, 300px\" \/><\/div>\n\t\t\t\t<\/div>\n\t\t\t\t\t\t\t<div class=\"elementor-toggle-item\">\n\t\t\t\t\t<h3 id=\"elementor-tab-title-1452\" class=\"elementor-tab-title\" data-tab=\"2\" role=\"button\" aria-controls=\"elementor-tab-content-1452\" aria-expanded=\"false\">\n\t\t\t\t\t\t\t\t\t\t\t\t<span class=\"elementor-toggle-icon elementor-toggle-icon-right\" aria-hidden=\"true\">\n\t\t\t\t\t\t\t\t\t\t\t\t\t\t\t<span class=\"elementor-toggle-icon-closed\"><i class=\"fas fa-angle-down\"><\/i><\/span>\n\t\t\t\t\t\t\t\t<span class=\"elementor-toggle-icon-opened\"><i class=\"elementor-toggle-icon-opened fas fa-angle-up\"><\/i><\/span>\n\t\t\t\t\t\t\t\t\t\t\t\t\t<\/span>\n\t\t\t\t\t\t\t\t\t\t\t\t<a class=\"elementor-toggle-title\" tabindex=\"0\">CSTB Formations<\/a>\n\t\t\t\t\t<\/h3>\n\n\t\t\t\t\t<div id=\"elementor-tab-content-1452\" class=\"elementor-tab-content elementor-clearfix\" data-tab=\"2\" role=\"region\" aria-labelledby=\"elementor-tab-title-1452\"><img decoding=\"async\" class=\"alignnone wp-image-14157 size-medium\" src=\"https:\/\/www.hqegbc.org\/wp-content\/uploads\/2022\/08\/cstbformations2015-300x140.jpg\" alt=\"CSTB Formations\" width=\"300\" height=\"140\" srcset=\"https:\/\/www.hqegbc.org\/wp-content\/uploads\/2022\/08\/cstbformations2015-300x140.jpg 300w, https:\/\/www.hqegbc.org\/wp-content\/uploads\/2022\/08\/cstbformations2015.jpg 600w\" sizes=\"(max-width: 300px) 100vw, 300px\" \/><\/div>\n\t\t\t\t<\/div>\n\t\t\t\t\t\t\t\t<\/div>\n\t\t\t\t\t\t<\/div>\n\t\t\t\t<\/div>\n\t\t\t\t<div class=\"elementor-element elementor-element-b01b1d5 orange-underline elementor-widget elementor-widget-heading\" data-id=\"b01b1d5\" data-element_type=\"widget\" data-e-type=\"widget\" data-widget_type=\"heading.default\">\n\t\t\t\t<div class=\"elementor-widget-container\">\n\t\t\t\t\t<h2 class=\"elementor-heading-title elementor-size-default\">Training to become an HQE certification referent<\/h2>\t\t\t\t<\/div>\n\t\t\t\t<\/div>\n\t\t\t\t<div class=\"elementor-element elementor-element-6ac971c elementor-widget elementor-widget-text-editor\" data-id=\"6ac971c\" data-element_type=\"widget\" data-e-type=\"widget\" data-widget_type=\"text-editor.default\">\n\t\t\t\t<div class=\"elementor-widget-container\">\n\t\t\t\t\t\t\t\t\t<p>The HQE Certification Referent is a professional whose knowledge of HQE standards is recognized, following an examination. Actor of the project, its role is to support the carriers of a project in the process of obtaining HQE certifications.<\/p>\t\t\t\t\t\t\t\t<\/div>\n\t\t\t\t<\/div>\n\t\t\t\t<div class=\"elementor-element elementor-element-365a3c8 elementor-widget elementor-widget-toggle\" data-id=\"365a3c8\" data-element_type=\"widget\" data-e-type=\"widget\" data-widget_type=\"toggle.default\">\n\t\t\t\t<div class=\"elementor-widget-container\">\n\t\t\t\t\t\t\t<div class=\"elementor-toggle\">\n\t\t\t\t\t\t\t<div class=\"elementor-toggle-item\">\n\t\t\t\t\t<h3 id=\"elementor-tab-title-5691\" class=\"elementor-tab-title\" data-tab=\"1\" role=\"button\" aria-controls=\"elementor-tab-content-5691\" aria-expanded=\"false\">\n\t\t\t\t\t\t\t\t\t\t\t\t<span class=\"elementor-toggle-icon elementor-toggle-icon-right\" aria-hidden=\"true\">\n\t\t\t\t\t\t\t\t\t\t\t\t\t\t\t<span class=\"elementor-toggle-icon-closed\"><i class=\"fas fa-angle-down\"><\/i><\/span>\n\t\t\t\t\t\t\t\t<span class=\"elementor-toggle-icon-opened\"><i class=\"elementor-toggle-icon-opened fas fa-angle-up\"><\/i><\/span>\n\t\t\t\t\t\t\t\t\t\t\t\t\t<\/span>\n\t\t\t\t\t\t\t\t\t\t\t\t<a class=\"elementor-toggle-title\" tabindex=\"0\">QUALITEL Formation<\/a>\n\t\t\t\t\t<\/h3>\n\n\t\t\t\t\t<div id=\"elementor-tab-content-5691\" class=\"elementor-tab-content elementor-clearfix\" data-tab=\"1\" role=\"region\" aria-labelledby=\"elementor-tab-title-5691\"><p><img decoding=\"async\" src=\"https:\/\/www.hqegbc.org\/wp-content\/uploads\/2022\/08\/qualitelformation-logo-300x132.png\" alt=\"Qualitel Formation\" width=\"300\" height=\"132\" \/><\/p><ul><li><p style=\"margin: 0cm 0cm 0cm 36pt; font-size: 12pt; font-family: Calibri, sans-serif; color: #000000; text-indent: -18pt;\"><a style=\"color: blue;\" href=\"https:\/\/www.qualitel.org\/professionnels\/formation\/reglementation-certification-labels\/devenir-referent-technique\/\"><span lang=\"EN-US\" style=\"font-size: 11pt;\">Become an NF Habitat technical referent \u2013 NF Habitat HQE<\/span><\/a><\/p><\/li><\/ul><\/div>\n\t\t\t\t<\/div>\n\t\t\t\t\t\t\t<div class=\"elementor-toggle-item\">\n\t\t\t\t\t<h3 id=\"elementor-tab-title-5692\" class=\"elementor-tab-title\" data-tab=\"2\" role=\"button\" aria-controls=\"elementor-tab-content-5692\" aria-expanded=\"false\">\n\t\t\t\t\t\t\t\t\t\t\t\t<span class=\"elementor-toggle-icon elementor-toggle-icon-right\" aria-hidden=\"true\">\n\t\t\t\t\t\t\t\t\t\t\t\t\t\t\t<span class=\"elementor-toggle-icon-closed\"><i class=\"fas fa-angle-down\"><\/i><\/span>\n\t\t\t\t\t\t\t\t<span class=\"elementor-toggle-icon-opened\"><i class=\"elementor-toggle-icon-opened fas fa-angle-up\"><\/i><\/span>\n\t\t\t\t\t\t\t\t\t\t\t\t\t<\/span>\n\t\t\t\t\t\t\t\t\t\t\t\t<a class=\"elementor-toggle-title\" tabindex=\"0\">CSTB Formations<\/a>\n\t\t\t\t\t<\/h3>\n\n\t\t\t\t\t<div id=\"elementor-tab-content-5692\" class=\"elementor-tab-content elementor-clearfix\" data-tab=\"2\" role=\"region\" aria-labelledby=\"elementor-tab-title-5692\"><p><img loading=\"lazy\" decoding=\"async\" src=\"https:\/\/www.hqegbc.org\/wp-content\/uploads\/2022\/08\/cstbformations2015-300x140.jpg\" alt=\"CSTB Formations\" width=\"300\" height=\"140\" \/><\/p><ul><li><p style=\"margin: 0cm 0cm 0cm 36pt; font-size: 12pt; font-family: Calibri, sans-serif; color: #000000; text-indent: -18pt;\"><a style=\"color: blue;\" href=\"https:\/\/formations.cstb.fr\/devenir-referent\/\"><span lang=\"EN-US\" style=\"font-size: 11pt;\">Become a CERTIVEA referent with CSTB Formations<\/span><\/a><\/p><\/li><\/ul><\/div>\n\t\t\t\t<\/div>\n\t\t\t\t\t\t\t\t<\/div>\n\t\t\t\t\t\t<\/div>\n\t\t\t\t<\/div>\n\t\t\t\t\t<\/div>\n\t\t<\/div>\n\t\t\t\t\t<\/div>\n\t\t<\/section>\n\t\t\t\t<\/div>\n\t\t","protected":false},"excerpt":{"rendered":"<p>HQE approved training for an HQE project The training provided mainly concerns the fundamentals of the HQE standards and certification. Some training extends into more in-depth training by theme and\/or regulation related to HQE. QUALITEL Formation CSTB Formations Training to become an HQE certification referent The HQE Certification Referent is a professional whose knowledge of [&hellip;]<\/p>\n","protected":false},"author":2,"featured_media":14743,"parent":0,"menu_order":0,"comment_status":"closed","ping_status":"closed","template":"","meta":{"_acf_changed":false,"inline_featured_image":false,"footnotes":""},"class_list":["post-23792","page","type-page","status-publish","has-post-thumbnail","hentry"],"acf":[],"yoast_head":"<!-- This site is optimized with the Yoast SEO plugin v27.2 - https:\/\/yoast.com\/product\/yoast-seo-wordpress\/ -->\n<title>Les formations agr\u00e9\u00e9es HQE<\/title>\n<meta name=\"description\" content=\"Les formations portent sur les fondamentaux des r\u00e9f\u00e9rentiels et de la certification HQE ou sur le r\u00f4le de R\u00e9f\u00e9rent Certification HQE.\" \/>\n<meta name=\"robots\" content=\"index, follow, max-snippet:-1, max-image-preview:large, max-video-preview:-1\" \/>\n<link rel=\"canonical\" href=\"https:\/\/www.hqegbc.org\/en\/hqe-approved-training\/\" \/>\n<meta property=\"og:locale\" content=\"en_US\" \/>\n<meta property=\"og:type\" content=\"article\" \/>\n<meta property=\"og:title\" content=\"Les formations agr\u00e9\u00e9es HQE\" \/>\n<meta property=\"og:description\" content=\"Les formations portent sur les fondamentaux des r\u00e9f\u00e9rentiels et de la certification HQE ou sur le r\u00f4le de R\u00e9f\u00e9rent Certification HQE.\" \/>\n<meta property=\"og:url\" content=\"https:\/\/www.hqegbc.org\/en\/hqe-approved-training\/\" \/>\n<meta property=\"og:site_name\" content=\"Alliance HQE-GBC\" \/>\n<meta property=\"article:modified_time\" content=\"2023-04-14T07:21:26+00:00\" \/>\n<meta property=\"og:image\" content=\"https:\/\/www.hqegbc.org\/wp-content\/uploads\/2022\/09\/Photo-by-Christina-@-wocintechchat.com-on-Unsplash.jpg\" \/>\n\t<meta property=\"og:image:width\" content=\"1920\" \/>\n\t<meta property=\"og:image:height\" content=\"1282\" \/>\n\t<meta property=\"og:image:type\" content=\"image\/jpeg\" \/>\n<meta name=\"twitter:card\" content=\"summary_large_image\" \/>\n<meta name=\"twitter:title\" content=\"Les formations agr\u00e9\u00e9es HQE\" \/>\n<meta name=\"twitter:description\" content=\"Les formations portent sur les fondamentaux des r\u00e9f\u00e9rentiels et de la certification HQE ou sur le r\u00f4le de R\u00e9f\u00e9rent Certification HQE.\" \/>\n<meta name=\"twitter:image\" content=\"https:\/\/www.hqegbc.org\/wp-content\/uploads\/2022\/09\/Photo-by-Christina-@-wocintechchat.com-on-Unsplash.jpg\" \/>\n<meta name=\"twitter:label1\" content=\"Est. reading time\" \/>\n\t<meta name=\"twitter:data1\" content=\"3 minutes\" \/>\n<script type=\"application\/ld+json\" class=\"yoast-schema-graph\">{\"@context\":\"https:\/\/schema.org\",\"@graph\":[{\"@type\":\"WebPage\",\"@id\":\"https:\/\/www.hqegbc.org\/en\/hqe-approved-training\/\",\"url\":\"https:\/\/www.hqegbc.org\/en\/hqe-approved-training\/\",\"name\":\"Les formations agr\u00e9\u00e9es HQE\",\"isPartOf\":{\"@id\":\"https:\/\/www.hqegbc.org\/#website\"},\"primaryImageOfPage\":{\"@id\":\"https:\/\/www.hqegbc.org\/en\/hqe-approved-training\/#primaryimage\"},\"image\":{\"@id\":\"https:\/\/www.hqegbc.org\/en\/hqe-approved-training\/#primaryimage\"},\"thumbnailUrl\":\"https:\/\/www.hqegbc.org\/wp-content\/uploads\/2022\/09\/Photo-by-Christina-@-wocintechchat.com-on-Unsplash.jpg\",\"datePublished\":\"2022-08-04T07:57:39+00:00\",\"dateModified\":\"2023-04-14T07:21:26+00:00\",\"description\":\"Les formations portent sur les fondamentaux des r\u00e9f\u00e9rentiels et de la certification HQE ou sur le r\u00f4le de R\u00e9f\u00e9rent Certification HQE.\",\"inLanguage\":\"en-US\",\"potentialAction\":[{\"@type\":\"ReadAction\",\"target\":[\"https:\/\/www.hqegbc.org\/en\/hqe-approved-training\/\"]}]},{\"@type\":\"ImageObject\",\"inLanguage\":\"en-US\",\"@id\":\"https:\/\/www.hqegbc.org\/en\/hqe-approved-training\/#primaryimage\",\"url\":\"https:\/\/www.hqegbc.org\/wp-content\/uploads\/2022\/09\/Photo-by-Christina-@-wocintechchat.com-on-Unsplash.jpg\",\"contentUrl\":\"https:\/\/www.hqegbc.org\/wp-content\/uploads\/2022\/09\/Photo-by-Christina-@-wocintechchat.com-on-Unsplash.jpg\",\"width\":1920,\"height\":1282},{\"@type\":\"WebSite\",\"@id\":\"https:\/\/www.hqegbc.org\/#website\",\"url\":\"https:\/\/www.hqegbc.org\/\",\"name\":\"Alliance HQE-GBC\",\"description\":\"The alliance of professionals for a sustainable living environment\",\"publisher\":{\"@id\":\"https:\/\/www.hqegbc.org\/#organization\"},\"potentialAction\":[{\"@type\":\"SearchAction\",\"target\":{\"@type\":\"EntryPoint\",\"urlTemplate\":\"https:\/\/www.hqegbc.org\/?s={search_term_string}\"},\"query-input\":{\"@type\":\"PropertyValueSpecification\",\"valueRequired\":true,\"valueName\":\"search_term_string\"}}],\"inLanguage\":\"en-US\"},{\"@type\":\"Organization\",\"@id\":\"https:\/\/www.hqegbc.org\/#organization\",\"name\":\"Alliance HQE-GBC\",\"url\":\"https:\/\/www.hqegbc.org\/\",\"logo\":{\"@type\":\"ImageObject\",\"inLanguage\":\"en-US\",\"@id\":\"https:\/\/www.hqegbc.org\/#\/schema\/logo\/image\/\",\"url\":\"https:\/\/www.hqegbc.org\/wp-content\/uploads\/2021\/09\/Logo_alliance_HQE-RVB.svg\",\"contentUrl\":\"https:\/\/www.hqegbc.org\/wp-content\/uploads\/2021\/09\/Logo_alliance_HQE-RVB.svg\",\"width\":345,\"height\":262,\"caption\":\"Alliance HQE-GBC\"},\"image\":{\"@id\":\"https:\/\/www.hqegbc.org\/#\/schema\/logo\/image\/\"}}]}<\/script>\n<!-- \/ Yoast SEO plugin. -->","yoast_head_json":{"title":"Les formations agr\u00e9\u00e9es HQE","description":"Les formations portent sur les fondamentaux des r\u00e9f\u00e9rentiels et de la certification HQE ou sur le r\u00f4le de R\u00e9f\u00e9rent Certification HQE.","robots":{"index":"index","follow":"follow","max-snippet":"max-snippet:-1","max-image-preview":"max-image-preview:large","max-video-preview":"max-video-preview:-1"},"canonical":"https:\/\/www.hqegbc.org\/en\/hqe-approved-training\/","og_locale":"en_US","og_type":"article","og_title":"Les formations agr\u00e9\u00e9es HQE","og_description":"Les formations portent sur les fondamentaux des r\u00e9f\u00e9rentiels et de la certification HQE ou sur le r\u00f4le de R\u00e9f\u00e9rent Certification HQE.","og_url":"https:\/\/www.hqegbc.org\/en\/hqe-approved-training\/","og_site_name":"Alliance HQE-GBC","article_modified_time":"2023-04-14T07:21:26+00:00","og_image":[{"width":1920,"height":1282,"url":"https:\/\/www.hqegbc.org\/wp-content\/uploads\/2022\/09\/Photo-by-Christina-@-wocintechchat.com-on-Unsplash.jpg","type":"image\/jpeg"}],"twitter_card":"summary_large_image","twitter_title":"Les formations agr\u00e9\u00e9es HQE","twitter_description":"Les formations portent sur les fondamentaux des r\u00e9f\u00e9rentiels et de la certification HQE ou sur le r\u00f4le de R\u00e9f\u00e9rent Certification HQE.","twitter_image":"https:\/\/www.hqegbc.org\/wp-content\/uploads\/2022\/09\/Photo-by-Christina-@-wocintechchat.com-on-Unsplash.jpg","twitter_misc":{"Est. reading time":"3 minutes"},"schema":{"@context":"https:\/\/schema.org","@graph":[{"@type":"WebPage","@id":"https:\/\/www.hqegbc.org\/en\/hqe-approved-training\/","url":"https:\/\/www.hqegbc.org\/en\/hqe-approved-training\/","name":"Les formations agr\u00e9\u00e9es HQE","isPartOf":{"@id":"https:\/\/www.hqegbc.org\/#website"},"primaryImageOfPage":{"@id":"https:\/\/www.hqegbc.org\/en\/hqe-approved-training\/#primaryimage"},"image":{"@id":"https:\/\/www.hqegbc.org\/en\/hqe-approved-training\/#primaryimage"},"thumbnailUrl":"https:\/\/www.hqegbc.org\/wp-content\/uploads\/2022\/09\/Photo-by-Christina-@-wocintechchat.com-on-Unsplash.jpg","datePublished":"2022-08-04T07:57:39+00:00","dateModified":"2023-04-14T07:21:26+00:00","description":"Les formations portent sur les fondamentaux des r\u00e9f\u00e9rentiels et de la certification HQE ou sur le r\u00f4le de R\u00e9f\u00e9rent Certification HQE.","inLanguage":"en-US","potentialAction":[{"@type":"ReadAction","target":["https:\/\/www.hqegbc.org\/en\/hqe-approved-training\/"]}]},{"@type":"ImageObject","inLanguage":"en-US","@id":"https:\/\/www.hqegbc.org\/en\/hqe-approved-training\/#primaryimage","url":"https:\/\/www.hqegbc.org\/wp-content\/uploads\/2022\/09\/Photo-by-Christina-@-wocintechchat.com-on-Unsplash.jpg","contentUrl":"https:\/\/www.hqegbc.org\/wp-content\/uploads\/2022\/09\/Photo-by-Christina-@-wocintechchat.com-on-Unsplash.jpg","width":1920,"height":1282},{"@type":"WebSite","@id":"https:\/\/www.hqegbc.org\/#website","url":"https:\/\/www.hqegbc.org\/","name":"Alliance HQE-GBC","description":"The alliance of professionals for a sustainable living environment","publisher":{"@id":"https:\/\/www.hqegbc.org\/#organization"},"potentialAction":[{"@type":"SearchAction","target":{"@type":"EntryPoint","urlTemplate":"https:\/\/www.hqegbc.org\/?s={search_term_string}"},"query-input":{"@type":"PropertyValueSpecification","valueRequired":true,"valueName":"search_term_string"}}],"inLanguage":"en-US"},{"@type":"Organization","@id":"https:\/\/www.hqegbc.org\/#organization","name":"Alliance HQE-GBC","url":"https:\/\/www.hqegbc.org\/","logo":{"@type":"ImageObject","inLanguage":"en-US","@id":"https:\/\/www.hqegbc.org\/#\/schema\/logo\/image\/","url":"https:\/\/www.hqegbc.org\/wp-content\/uploads\/2021\/09\/Logo_alliance_HQE-RVB.svg","contentUrl":"https:\/\/www.hqegbc.org\/wp-content\/uploads\/2021\/09\/Logo_alliance_HQE-RVB.svg","width":345,"height":262,"caption":"Alliance HQE-GBC"},"image":{"@id":"https:\/\/www.hqegbc.org\/#\/schema\/logo\/image\/"}}]}},"_links":{"self":[{"href":"https:\/\/www.hqegbc.org\/en\/wp-json\/wp\/v2\/pages\/23792","targetHints":{"allow":["GET"]}}],"collection":[{"href":"https:\/\/www.hqegbc.org\/en\/wp-json\/wp\/v2\/pages"}],"about":[{"href":"https:\/\/www.hqegbc.org\/en\/wp-json\/wp\/v2\/types\/page"}],"author":[{"embeddable":true,"href":"https:\/\/www.hqegbc.org\/en\/wp-json\/wp\/v2\/users\/2"}],"replies":[{"embeddable":true,"href":"https:\/\/www.hqegbc.org\/en\/wp-json\/wp\/v2\/comments?post=23792"}],"version-history":[{"count":0,"href":"https:\/\/www.hqegbc.org\/en\/wp-json\/wp\/v2\/pages\/23792\/revisions"}],"wp:featuredmedia":[{"embeddable":true,"href":"https:\/\/www.hqegbc.org\/en\/wp-json\/wp\/v2\/media\/14743"}],"wp:attachment":[{"href":"https:\/\/www.hqegbc.org\/en\/wp-json\/wp\/v2\/media?parent=23792"}],"curies":[{"name":"wp","href":"https:\/\/api.w.org\/{rel}","templated":true}]}}