{"id":23632,"date":"2022-07-27T10:19:37","date_gmt":"2022-07-27T08:19:37","guid":{"rendered":"https:\/\/www.hqegbc.org\/qui-sommes-nous-alliance-hqe-gbc\/adhesion-alliance-hqe-gbc\/"},"modified":"2023-03-30T12:44:05","modified_gmt":"2023-03-30T10:44:05","slug":"membership","status":"publish","type":"page","link":"https:\/\/www.hqegbc.org\/en\/qui-sommes-nous-alliance-hqe-gbc\/membership\/","title":{"rendered":"Membership"},"content":{"rendered":"\t\t<div data-elementor-type=\"wp-page\" data-elementor-id=\"23632\" class=\"elementor elementor-23632 elementor-13524\" data-elementor-post-type=\"page\">\n\t\t\t\t\t\t<section class=\"elementor-section elementor-top-section elementor-element elementor-element-4d6045a6 elementor-reverse-mobile elementor-section-full_width elementor-section-height-default elementor-section-height-default\" data-id=\"4d6045a6\" data-element_type=\"section\" data-e-type=\"section\" data-settings=\"{&quot;background_background&quot;:&quot;classic&quot;,&quot;background_motion_fx_motion_fx_scrolling&quot;:&quot;yes&quot;,&quot;background_motion_fx_blur_effect&quot;:&quot;yes&quot;,&quot;background_motion_fx_blur_direction&quot;:&quot;out-in&quot;,&quot;background_motion_fx_blur_level&quot;:{&quot;unit&quot;:&quot;px&quot;,&quot;size&quot;:7,&quot;sizes&quot;:[]},&quot;background_motion_fx_blur_range&quot;:{&quot;unit&quot;:&quot;%&quot;,&quot;size&quot;:&quot;&quot;,&quot;sizes&quot;:{&quot;start&quot;:20,&quot;end&quot;:80}},&quot;background_motion_fx_devices&quot;:[&quot;desktop&quot;,&quot;tablet&quot;,&quot;mobile&quot;]}\">\n\t\t\t\t\t\t\t<div class=\"elementor-background-overlay\"><\/div>\n\t\t\t\t\t\t\t<div class=\"elementor-container elementor-column-gap-default\">\n\t\t\t\t\t<div class=\"elementor-column elementor-col-50 elementor-top-column elementor-element elementor-element-29170046\" data-id=\"29170046\" data-element_type=\"column\" data-e-type=\"column\" data-settings=\"{&quot;background_background&quot;:&quot;classic&quot;}\">\n\t\t\t<div class=\"elementor-widget-wrap elementor-element-populated\">\n\t\t\t\t\t\t<div class=\"elementor-element elementor-element-8c9b130 elementor-widget elementor-widget-wp-widget-bcn_widget\" data-id=\"8c9b130\" data-element_type=\"widget\" data-e-type=\"widget\" data-widget_type=\"wp-widget-bcn_widget.default\">\n\t\t\t\t<div class=\"elementor-widget-container\">\n\t\t\t\t\t<div class=\"breadcrumbs\" vocab=\"https:\/\/schema.org\/\" typeof=\"BreadcrumbList\"><span property=\"itemListElement\" typeof=\"ListItem\"><a property=\"item\" typeof=\"WebPage\" title=\"Go to accueil.\" href=\"https:\/\/www.hqegbc.org\/en\/\" class=\"home\" ><span property=\"name\">Accueil<\/span><\/a><meta property=\"position\" content=\"1\"><\/span><span style=\"margin: 0 12px\">\/<\/span><span property=\"itemListElement\" typeof=\"ListItem\"><a property=\"item\" typeof=\"WebPage\" title=\"Go to Actus.\" href=\"https:\/\/www.hqegbc.org\/actuallite-alliance-hqe-gb\/\" class=\"post-root post post-post\" aria-current=\"page\"><span property=\"name\">Actus<\/span><\/a><meta property=\"position\" content=\"2\"><\/span><\/div>\t\t\t\t<\/div>\n\t\t\t\t<\/div>\n\t\t\t\t<div class=\"elementor-element elementor-element-8ec7d7b elementor-widget elementor-widget-theme-post-title elementor-page-title elementor-widget-heading\" data-id=\"8ec7d7b\" data-element_type=\"widget\" data-e-type=\"widget\" data-widget_type=\"theme-post-title.default\">\n\t\t\t\t<div class=\"elementor-widget-container\">\n\t\t\t\t\t<h2 class=\"elementor-heading-title elementor-size-default\">Membership<\/h2>\t\t\t\t<\/div>\n\t\t\t\t<\/div>\n\t\t\t\t<div class=\"elementor-element elementor-element-13e2760 elementor-widget elementor-widget-heading\" data-id=\"13e2760\" data-element_type=\"widget\" data-e-type=\"widget\" data-widget_type=\"heading.default\">\n\t\t\t\t<div class=\"elementor-widget-container\">\n\t\t\t\t\t<h1 class=\"elementor-heading-title elementor-size-default\">Become a member of the Alliance HQE-GBC<\/h1>\t\t\t\t<\/div>\n\t\t\t\t<\/div>\n\t\t\t\t\t<\/div>\n\t\t<\/div>\n\t\t\t\t<div class=\"elementor-column elementor-col-50 elementor-top-column elementor-element elementor-element-4daa4f17 elementor-hidden-mobile\" data-id=\"4daa4f17\" data-element_type=\"column\" data-e-type=\"column\" data-settings=\"{&quot;background_background&quot;:&quot;classic&quot;}\">\n\t\t\t<div class=\"elementor-widget-wrap\">\n\t\t\t\t\t<div class=\"elementor-background-overlay\"><\/div>\n\t\t\t\t\t\t\t<\/div>\n\t\t<\/div>\n\t\t\t\t\t<\/div>\n\t\t<\/section>\n\t\t\t\t<section class=\"elementor-section elementor-top-section elementor-element elementor-element-532a816 single-page-content elementor-section-boxed elementor-section-height-default elementor-section-height-default\" data-id=\"532a816\" data-element_type=\"section\" data-e-type=\"section\">\n\t\t\t\t\t\t<div class=\"elementor-container elementor-column-gap-default\">\n\t\t\t\t\t<div class=\"elementor-column elementor-col-100 elementor-top-column elementor-element elementor-element-51d9c0d\" data-id=\"51d9c0d\" data-element_type=\"column\" data-e-type=\"column\">\n\t\t\t<div class=\"elementor-widget-wrap elementor-element-populated\">\n\t\t\t\t\t\t<div class=\"elementor-element elementor-element-4e1aa3f elementor-widget elementor-widget-text-editor\" data-id=\"4e1aa3f\" data-element_type=\"widget\" data-e-type=\"widget\" data-widget_type=\"text-editor.default\">\n\t\t\t\t<div class=\"elementor-widget-container\">\n\t\t\t\t\t\t\t\t\t<p>As a member of the association, you will be able to:<\/p><ul><li>Participate in collaborative work for innovation or the dissemination of good practices that will allow you to be one step ahead. There are thus several working groups (WG) in which you can participate:<\/li><\/ul><p>\u00a0 \u00a0 \u00a0 \u00a0 \u00a0 \u00a0&#8211; <strong>Environmental Indicators WG <\/strong>(contact: gleseach@hqegbc.org)<\/p><p>\u00a0 \u00a0 \u00a0 \u00a0 \u00a0 \u00a0&#8211; <strong>International WG <\/strong>(contact: ereveillard@hqegbc.org)<\/p><p>\u00a0 \u00a0 \u00a0 \u00a0 \u00a0 \u00a0&#8211; <strong>Sustainable Urban planning WG <\/strong>(contact: nsement@hqegbc.org)<\/p><p>\u00a0 \u00a0 \u00a0 \u00a0 \u00a0 \u00a0&#8211; <strong>Resilience &amp; adaptation WG <\/strong>(contact: nsement@hqegbc.org)<\/p><p>\u00a0 \u00a0 \u00a0 \u00a0 \u00a0 \u00a0&#8211; <strong>Indoor Air Quality WG <\/strong>(contact: nsement@hqegbc.org)<\/p><ul><li><strong>Be part of a dynamic multi-stakeholder network<\/strong> by participating in working groups, conferences, publications\u2026. You will collaborate in the life of the association and will thus be able to advance the subjects that are important to you or for which you must keep yourself informed.<\/li><li><strong>Take advantage of the World GBC global network,<\/strong> of which the Alliance HQE-GBC is the French representative.<\/li><li><strong>Be valued in HQE communications<\/strong> (website, conferences, E-letters, blogs, etc.) thanks to the &#8220;Alliance HQE-GBC member&#8221; logo.<\/li><li><strong>Participate in the calls for projects launched<\/strong> by the association to promote your experience, act and progress on environmental issues.<\/li><\/ul><p>In order to be <strong>accessible<\/strong> to all <strong>companies, federations, communities, associations or to professionals on an individual basis under fair conditions,<\/strong> the amount of memberships is <strong>modulated<\/strong> <strong>according to the size<\/strong> of the companies, communities, associations&#8230;<\/p>\t\t\t\t\t\t\t\t<\/div>\n\t\t\t\t<\/div>\n\t\t\t\t<div class=\"elementor-element elementor-element-a272c11 elementor-widget elementor-widget-heading\" data-id=\"a272c11\" data-element_type=\"widget\" data-e-type=\"widget\" data-widget_type=\"heading.default\">\n\t\t\t\t<div class=\"elementor-widget-container\">\n\t\t\t\t\t<span class=\"elementor-heading-title elementor-size-default\">You are:<\/span>\t\t\t\t<\/div>\n\t\t\t\t<\/div>\n\t\t\t\t<div class=\"elementor-element elementor-element-d284cc8 elementor-tabs-alignment-center elementor-tabs-view-horizontal elementor-widget elementor-widget-tabs\" data-id=\"d284cc8\" data-element_type=\"widget\" data-e-type=\"widget\" data-widget_type=\"tabs.default\">\n\t\t\t\t<div class=\"elementor-widget-container\">\n\t\t\t\t\t\t\t<div class=\"elementor-tabs\">\n\t\t\t<div class=\"elementor-tabs-wrapper\" role=\"tablist\" >\n\t\t\t\t\t\t\t\t\t<div id=\"elementor-tab-title-2201\" class=\"elementor-tab-title elementor-tab-desktop-title\" aria-selected=\"true\" data-tab=\"1\" role=\"tab\" tabindex=\"0\" aria-controls=\"elementor-tab-content-2201\" aria-expanded=\"false\">Companies, Federations, Communities, Associations<\/div>\n\t\t\t\t\t\t\t\t\t<div id=\"elementor-tab-title-2202\" class=\"elementor-tab-title elementor-tab-desktop-title\" aria-selected=\"false\" data-tab=\"2\" role=\"tab\" tabindex=\"-1\" aria-controls=\"elementor-tab-content-2202\" aria-expanded=\"false\">Individual professional<\/div>\n\t\t\t\t\t\t\t<\/div>\n\t\t\t<div class=\"elementor-tabs-content-wrapper\" role=\"tablist\" aria-orientation=\"vertical\">\n\t\t\t\t\t\t\t\t\t<div class=\"elementor-tab-title elementor-tab-mobile-title\" aria-selected=\"true\" data-tab=\"1\" role=\"tab\" tabindex=\"0\" aria-controls=\"elementor-tab-content-2201\" aria-expanded=\"false\">Companies, Federations, Communities, Associations<\/div>\n\t\t\t\t\t<div id=\"elementor-tab-content-2201\" class=\"elementor-tab-content elementor-clearfix\" data-tab=\"1\" role=\"tabpanel\" aria-labelledby=\"elementor-tab-title-2201\" tabindex=\"0\" hidden=\"false\"><h3>Enhance and develop your activity, your territory, by joining the Alliance HQE-GBC.<\/h3>\n<strong>Joining the Alliance HQE-GBC is also a civic act, which contributes to the development of a sustainable living environment for all.<\/strong>\n<p style=\"text-align: center; margin-top: 40px;\"><a class=\"btn-orange\" href=\"https:\/\/www.hqegbc.org\/wp-content\/uploads\/2023\/03\/hqe_membership_form_for_societies_federatins_communities_and_associations.pdf\" target=\"_blank\" rel=\"noopener\"> Download the membership subscription form for companies, federations, communities, associations <\/a><\/p><\/div>\n\t\t\t\t\t\t\t\t\t<div class=\"elementor-tab-title elementor-tab-mobile-title\" aria-selected=\"false\" data-tab=\"2\" role=\"tab\" tabindex=\"-1\" aria-controls=\"elementor-tab-content-2202\" aria-expanded=\"false\">Individual professional<\/div>\n\t\t\t\t\t<div id=\"elementor-tab-content-2202\" class=\"elementor-tab-content elementor-clearfix\" data-tab=\"2\" role=\"tabpanel\" aria-labelledby=\"elementor-tab-title-2202\" tabindex=\"0\" hidden=\"hidden\"><h3>Enhance your professional profile and strengthen your network by joining the Alliance HQE-GBC.<\/h3>\nIn order to be <strong>accessible to all<\/strong> professionals, the <strong>amount of the individual contribution<\/strong> is free with a <strong>minimum of \u20ac10.<\/strong>\n\n<strong>Joining the Alliance HQE-GBC a civic act that contributes to the development of a sustainable living environment for all.<\/strong>\n<p style=\"text-align: center; margin-top: 40px;\"><a class=\"btn-orange\" href=\"https:\/\/www.hqegbc.org\/wp-content\/uploads\/2023\/03\/hqe_Individual_membership_form.pdf\" target=\"_blank\" rel=\"noopener\"> Download the individual membership subscription form <\/a><\/p><\/div>\n\t\t\t\t\t\t\t<\/div>\n\t\t<\/div>\n\t\t\t\t\t\t<\/div>\n\t\t\t\t<\/div>\n\t\t\t\t\t<\/div>\n\t\t<\/div>\n\t\t\t\t\t<\/div>\n\t\t<\/section>\n\t\t\t\t<\/div>\n\t\t","protected":false},"excerpt":{"rendered":"<p>Become a member of the Alliance HQE-GBC As a member of the association, you will be able to: Participate in collaborative work for innovation or the dissemination of good practices that will allow you to be one step ahead. There are thus several working groups (WG) in which you can participate: \u00a0 \u00a0 \u00a0 \u00a0 [&hellip;]<\/p>\n","protected":false},"author":2,"featured_media":15195,"parent":23332,"menu_order":6,"comment_status":"closed","ping_status":"closed","template":"","meta":{"_acf_changed":false,"inline_featured_image":false,"footnotes":""},"class_list":["post-23632","page","type-page","status-publish","has-post-thumbnail","hentry"],"acf":[],"yoast_head":"<!-- This site is optimized with the Yoast SEO plugin v27.2 - https:\/\/yoast.com\/product\/yoast-seo-wordpress\/ -->\n<title>Adh\u00e9sion \u00e0 l&#039;Alliance HQE-GBC<\/title>\n<meta name=\"description\" content=\"D\u00e9veloppez votre activit\u00e9 et votre r\u00e9seau en adh\u00e9rant \u00e0 l\u2019Alliance HQE-GBC et contribuez au d\u00e9veloppement d\u2019un cadre de vie durable pour tous.\" \/>\n<meta name=\"robots\" content=\"index, follow, max-snippet:-1, max-image-preview:large, max-video-preview:-1\" \/>\n<link rel=\"canonical\" href=\"https:\/\/www.hqegbc.org\/en\/qui-sommes-nous-alliance-hqe-gbc\/membership\/\" \/>\n<meta property=\"og:locale\" content=\"en_US\" \/>\n<meta property=\"og:type\" content=\"article\" \/>\n<meta property=\"og:title\" content=\"Adh\u00e9sion \u00e0 l&#039;Alliance HQE-GBC\" \/>\n<meta property=\"og:description\" content=\"D\u00e9veloppez votre activit\u00e9 et votre r\u00e9seau en adh\u00e9rant \u00e0 l\u2019Alliance HQE-GBC et contribuez au d\u00e9veloppement d\u2019un cadre de vie durable pour tous.\" \/>\n<meta property=\"og:url\" content=\"https:\/\/www.hqegbc.org\/en\/qui-sommes-nous-alliance-hqe-gbc\/membership\/\" \/>\n<meta property=\"og:site_name\" content=\"Alliance HQE-GBC\" \/>\n<meta property=\"article:modified_time\" content=\"2023-03-30T10:44:05+00:00\" \/>\n<meta property=\"og:image\" content=\"https:\/\/www.hqegbc.org\/wp-content\/uploads\/2022\/09\/Photo-by-CoWomen-on-Unsplash-1.jpg\" \/>\n\t<meta property=\"og:image:width\" content=\"1920\" \/>\n\t<meta property=\"og:image:height\" content=\"1280\" \/>\n\t<meta property=\"og:image:type\" content=\"image\/jpeg\" \/>\n<meta name=\"twitter:card\" content=\"summary_large_image\" \/>\n<meta name=\"twitter:title\" content=\"Adh\u00e9sion \u00e0 l&#039;Alliance HQE-GBC\" \/>\n<meta name=\"twitter:description\" content=\"D\u00e9veloppez votre activit\u00e9 et votre r\u00e9seau en adh\u00e9rant \u00e0 l\u2019Alliance HQE-GBC et contribuez au d\u00e9veloppement d\u2019un cadre de vie durable pour tous.\" \/>\n<meta name=\"twitter:image\" content=\"https:\/\/www.hqegbc.org\/wp-content\/uploads\/2022\/09\/Photo-by-CoWomen-on-Unsplash-1.jpg\" \/>\n<meta name=\"twitter:label1\" content=\"Est. reading time\" \/>\n\t<meta name=\"twitter:data1\" content=\"2 minutes\" \/>\n<script type=\"application\/ld+json\" class=\"yoast-schema-graph\">{\"@context\":\"https:\/\/schema.org\",\"@graph\":[{\"@type\":\"WebPage\",\"@id\":\"https:\/\/www.hqegbc.org\/en\/qui-sommes-nous-alliance-hqe-gbc\/membership\/\",\"url\":\"https:\/\/www.hqegbc.org\/en\/qui-sommes-nous-alliance-hqe-gbc\/membership\/\",\"name\":\"Adh\u00e9sion \u00e0 l'Alliance HQE-GBC\",\"isPartOf\":{\"@id\":\"https:\/\/www.hqegbc.org\/#website\"},\"primaryImageOfPage\":{\"@id\":\"https:\/\/www.hqegbc.org\/en\/qui-sommes-nous-alliance-hqe-gbc\/membership\/#primaryimage\"},\"image\":{\"@id\":\"https:\/\/www.hqegbc.org\/en\/qui-sommes-nous-alliance-hqe-gbc\/membership\/#primaryimage\"},\"thumbnailUrl\":\"https:\/\/www.hqegbc.org\/wp-content\/uploads\/2022\/09\/Photo-by-CoWomen-on-Unsplash-1.jpg\",\"datePublished\":\"2022-07-27T08:19:37+00:00\",\"dateModified\":\"2023-03-30T10:44:05+00:00\",\"description\":\"D\u00e9veloppez votre activit\u00e9 et votre r\u00e9seau en adh\u00e9rant \u00e0 l\u2019Alliance HQE-GBC et contribuez au d\u00e9veloppement d\u2019un cadre de vie durable pour tous.\",\"breadcrumb\":{\"@id\":\"https:\/\/www.hqegbc.org\/en\/qui-sommes-nous-alliance-hqe-gbc\/membership\/#breadcrumb\"},\"inLanguage\":\"en-US\",\"potentialAction\":[{\"@type\":\"ReadAction\",\"target\":[\"https:\/\/www.hqegbc.org\/en\/qui-sommes-nous-alliance-hqe-gbc\/membership\/\"]}]},{\"@type\":\"ImageObject\",\"inLanguage\":\"en-US\",\"@id\":\"https:\/\/www.hqegbc.org\/en\/qui-sommes-nous-alliance-hqe-gbc\/membership\/#primaryimage\",\"url\":\"https:\/\/www.hqegbc.org\/wp-content\/uploads\/2022\/09\/Photo-by-CoWomen-on-Unsplash-1.jpg\",\"contentUrl\":\"https:\/\/www.hqegbc.org\/wp-content\/uploads\/2022\/09\/Photo-by-CoWomen-on-Unsplash-1.jpg\",\"width\":1920,\"height\":1280},{\"@type\":\"BreadcrumbList\",\"@id\":\"https:\/\/www.hqegbc.org\/en\/qui-sommes-nous-alliance-hqe-gbc\/membership\/#breadcrumb\",\"itemListElement\":[{\"@type\":\"ListItem\",\"position\":1,\"name\":\"Accueil\",\"item\":\"https:\/\/www.hqegbc.org\/en\/qui-sommes-nous-alliance-hqe-gbc\/\"},{\"@type\":\"ListItem\",\"position\":2,\"name\":\"Membership\"}]},{\"@type\":\"WebSite\",\"@id\":\"https:\/\/www.hqegbc.org\/#website\",\"url\":\"https:\/\/www.hqegbc.org\/\",\"name\":\"Alliance HQE-GBC\",\"description\":\"The alliance of professionals for a sustainable living environment\",\"publisher\":{\"@id\":\"https:\/\/www.hqegbc.org\/#organization\"},\"potentialAction\":[{\"@type\":\"SearchAction\",\"target\":{\"@type\":\"EntryPoint\",\"urlTemplate\":\"https:\/\/www.hqegbc.org\/?s={search_term_string}\"},\"query-input\":{\"@type\":\"PropertyValueSpecification\",\"valueRequired\":true,\"valueName\":\"search_term_string\"}}],\"inLanguage\":\"en-US\"},{\"@type\":\"Organization\",\"@id\":\"https:\/\/www.hqegbc.org\/#organization\",\"name\":\"Alliance HQE-GBC\",\"url\":\"https:\/\/www.hqegbc.org\/\",\"logo\":{\"@type\":\"ImageObject\",\"inLanguage\":\"en-US\",\"@id\":\"https:\/\/www.hqegbc.org\/#\/schema\/logo\/image\/\",\"url\":\"https:\/\/www.hqegbc.org\/wp-content\/uploads\/2021\/09\/Logo_alliance_HQE-RVB.svg\",\"contentUrl\":\"https:\/\/www.hqegbc.org\/wp-content\/uploads\/2021\/09\/Logo_alliance_HQE-RVB.svg\",\"width\":345,\"height\":262,\"caption\":\"Alliance HQE-GBC\"},\"image\":{\"@id\":\"https:\/\/www.hqegbc.org\/#\/schema\/logo\/image\/\"}}]}<\/script>\n<!-- \/ Yoast SEO plugin. -->","yoast_head_json":{"title":"Adh\u00e9sion \u00e0 l'Alliance HQE-GBC","description":"D\u00e9veloppez votre activit\u00e9 et votre r\u00e9seau en adh\u00e9rant \u00e0 l\u2019Alliance HQE-GBC et contribuez au d\u00e9veloppement d\u2019un cadre de vie durable pour tous.","robots":{"index":"index","follow":"follow","max-snippet":"max-snippet:-1","max-image-preview":"max-image-preview:large","max-video-preview":"max-video-preview:-1"},"canonical":"https:\/\/www.hqegbc.org\/en\/qui-sommes-nous-alliance-hqe-gbc\/membership\/","og_locale":"en_US","og_type":"article","og_title":"Adh\u00e9sion \u00e0 l'Alliance HQE-GBC","og_description":"D\u00e9veloppez votre activit\u00e9 et votre r\u00e9seau en adh\u00e9rant \u00e0 l\u2019Alliance HQE-GBC et contribuez au d\u00e9veloppement d\u2019un cadre de vie durable pour tous.","og_url":"https:\/\/www.hqegbc.org\/en\/qui-sommes-nous-alliance-hqe-gbc\/membership\/","og_site_name":"Alliance HQE-GBC","article_modified_time":"2023-03-30T10:44:05+00:00","og_image":[{"width":1920,"height":1280,"url":"https:\/\/www.hqegbc.org\/wp-content\/uploads\/2022\/09\/Photo-by-CoWomen-on-Unsplash-1.jpg","type":"image\/jpeg"}],"twitter_card":"summary_large_image","twitter_title":"Adh\u00e9sion \u00e0 l'Alliance HQE-GBC","twitter_description":"D\u00e9veloppez votre activit\u00e9 et votre r\u00e9seau en adh\u00e9rant \u00e0 l\u2019Alliance HQE-GBC et contribuez au d\u00e9veloppement d\u2019un cadre de vie durable pour tous.","twitter_image":"https:\/\/www.hqegbc.org\/wp-content\/uploads\/2022\/09\/Photo-by-CoWomen-on-Unsplash-1.jpg","twitter_misc":{"Est. reading time":"2 minutes"},"schema":{"@context":"https:\/\/schema.org","@graph":[{"@type":"WebPage","@id":"https:\/\/www.hqegbc.org\/en\/qui-sommes-nous-alliance-hqe-gbc\/membership\/","url":"https:\/\/www.hqegbc.org\/en\/qui-sommes-nous-alliance-hqe-gbc\/membership\/","name":"Adh\u00e9sion \u00e0 l'Alliance HQE-GBC","isPartOf":{"@id":"https:\/\/www.hqegbc.org\/#website"},"primaryImageOfPage":{"@id":"https:\/\/www.hqegbc.org\/en\/qui-sommes-nous-alliance-hqe-gbc\/membership\/#primaryimage"},"image":{"@id":"https:\/\/www.hqegbc.org\/en\/qui-sommes-nous-alliance-hqe-gbc\/membership\/#primaryimage"},"thumbnailUrl":"https:\/\/www.hqegbc.org\/wp-content\/uploads\/2022\/09\/Photo-by-CoWomen-on-Unsplash-1.jpg","datePublished":"2022-07-27T08:19:37+00:00","dateModified":"2023-03-30T10:44:05+00:00","description":"D\u00e9veloppez votre activit\u00e9 et votre r\u00e9seau en adh\u00e9rant \u00e0 l\u2019Alliance HQE-GBC et contribuez au d\u00e9veloppement d\u2019un cadre de vie durable pour tous.","breadcrumb":{"@id":"https:\/\/www.hqegbc.org\/en\/qui-sommes-nous-alliance-hqe-gbc\/membership\/#breadcrumb"},"inLanguage":"en-US","potentialAction":[{"@type":"ReadAction","target":["https:\/\/www.hqegbc.org\/en\/qui-sommes-nous-alliance-hqe-gbc\/membership\/"]}]},{"@type":"ImageObject","inLanguage":"en-US","@id":"https:\/\/www.hqegbc.org\/en\/qui-sommes-nous-alliance-hqe-gbc\/membership\/#primaryimage","url":"https:\/\/www.hqegbc.org\/wp-content\/uploads\/2022\/09\/Photo-by-CoWomen-on-Unsplash-1.jpg","contentUrl":"https:\/\/www.hqegbc.org\/wp-content\/uploads\/2022\/09\/Photo-by-CoWomen-on-Unsplash-1.jpg","width":1920,"height":1280},{"@type":"BreadcrumbList","@id":"https:\/\/www.hqegbc.org\/en\/qui-sommes-nous-alliance-hqe-gbc\/membership\/#breadcrumb","itemListElement":[{"@type":"ListItem","position":1,"name":"Accueil","item":"https:\/\/www.hqegbc.org\/en\/qui-sommes-nous-alliance-hqe-gbc\/"},{"@type":"ListItem","position":2,"name":"Membership"}]},{"@type":"WebSite","@id":"https:\/\/www.hqegbc.org\/#website","url":"https:\/\/www.hqegbc.org\/","name":"Alliance HQE-GBC","description":"The alliance of professionals for a sustainable living environment","publisher":{"@id":"https:\/\/www.hqegbc.org\/#organization"},"potentialAction":[{"@type":"SearchAction","target":{"@type":"EntryPoint","urlTemplate":"https:\/\/www.hqegbc.org\/?s={search_term_string}"},"query-input":{"@type":"PropertyValueSpecification","valueRequired":true,"valueName":"search_term_string"}}],"inLanguage":"en-US"},{"@type":"Organization","@id":"https:\/\/www.hqegbc.org\/#organization","name":"Alliance HQE-GBC","url":"https:\/\/www.hqegbc.org\/","logo":{"@type":"ImageObject","inLanguage":"en-US","@id":"https:\/\/www.hqegbc.org\/#\/schema\/logo\/image\/","url":"https:\/\/www.hqegbc.org\/wp-content\/uploads\/2021\/09\/Logo_alliance_HQE-RVB.svg","contentUrl":"https:\/\/www.hqegbc.org\/wp-content\/uploads\/2021\/09\/Logo_alliance_HQE-RVB.svg","width":345,"height":262,"caption":"Alliance HQE-GBC"},"image":{"@id":"https:\/\/www.hqegbc.org\/#\/schema\/logo\/image\/"}}]}},"_links":{"self":[{"href":"https:\/\/www.hqegbc.org\/en\/wp-json\/wp\/v2\/pages\/23632","targetHints":{"allow":["GET"]}}],"collection":[{"href":"https:\/\/www.hqegbc.org\/en\/wp-json\/wp\/v2\/pages"}],"about":[{"href":"https:\/\/www.hqegbc.org\/en\/wp-json\/wp\/v2\/types\/page"}],"author":[{"embeddable":true,"href":"https:\/\/www.hqegbc.org\/en\/wp-json\/wp\/v2\/users\/2"}],"replies":[{"embeddable":true,"href":"https:\/\/www.hqegbc.org\/en\/wp-json\/wp\/v2\/comments?post=23632"}],"version-history":[{"count":0,"href":"https:\/\/www.hqegbc.org\/en\/wp-json\/wp\/v2\/pages\/23632\/revisions"}],"up":[{"embeddable":true,"href":"https:\/\/www.hqegbc.org\/en\/wp-json\/wp\/v2\/pages\/23332"}],"wp:featuredmedia":[{"embeddable":true,"href":"https:\/\/www.hqegbc.org\/en\/wp-json\/wp\/v2\/media\/15195"}],"wp:attachment":[{"href":"https:\/\/www.hqegbc.org\/en\/wp-json\/wp\/v2\/media?parent=23632"}],"curies":[{"name":"wp","href":"https:\/\/api.w.org\/{rel}","templated":true}]}}