{"id":23332,"date":"2021-09-07T14:34:11","date_gmt":"2021-09-07T12:34:11","guid":{"rendered":"https:\/\/www.hqegbc.org\/qui-sommes-nous-alliance-hqe-gbc\/"},"modified":"2023-03-21T17:13:50","modified_gmt":"2023-03-21T16:13:50","slug":"qui-sommes-nous-alliance-hqe-gbc","status":"publish","type":"page","link":"https:\/\/www.hqegbc.org\/en\/qui-sommes-nous-alliance-hqe-gbc\/","title":{"rendered":"Qui sommes-nous ?"},"content":{"rendered":"\t\t<div data-elementor-type=\"wp-page\" data-elementor-id=\"23332\" class=\"elementor elementor-23332 elementor-35\" data-elementor-post-type=\"page\">\n\t\t\t\t\t\t<section class=\"elementor-section elementor-top-section elementor-element elementor-element-3120bbf elementor-reverse-mobile elementor-section-full_width elementor-section-height-default elementor-section-height-default\" data-id=\"3120bbf\" data-element_type=\"section\" data-e-type=\"section\" data-settings=\"{&quot;background_background&quot;:&quot;classic&quot;,&quot;background_motion_fx_motion_fx_scrolling&quot;:&quot;yes&quot;,&quot;background_motion_fx_blur_effect&quot;:&quot;yes&quot;,&quot;background_motion_fx_blur_direction&quot;:&quot;out-in&quot;,&quot;background_motion_fx_blur_level&quot;:{&quot;unit&quot;:&quot;px&quot;,&quot;size&quot;:7,&quot;sizes&quot;:[]},&quot;background_motion_fx_blur_range&quot;:{&quot;unit&quot;:&quot;%&quot;,&quot;size&quot;:&quot;&quot;,&quot;sizes&quot;:{&quot;start&quot;:20,&quot;end&quot;:80}},&quot;background_motion_fx_devices&quot;:[&quot;desktop&quot;,&quot;tablet&quot;,&quot;mobile&quot;]}\">\n\t\t\t\t\t\t\t<div class=\"elementor-background-overlay\"><\/div>\n\t\t\t\t\t\t\t<div class=\"elementor-container elementor-column-gap-default\">\n\t\t\t\t\t<div class=\"elementor-column elementor-col-50 elementor-top-column elementor-element elementor-element-db18cd5\" data-id=\"db18cd5\" data-element_type=\"column\" data-e-type=\"column\" data-settings=\"{&quot;background_background&quot;:&quot;classic&quot;}\">\n\t\t\t<div class=\"elementor-widget-wrap elementor-element-populated\">\n\t\t\t\t\t\t<div class=\"elementor-element elementor-element-00b73dd elementor-widget elementor-widget-wp-widget-bcn_widget\" data-id=\"00b73dd\" data-element_type=\"widget\" data-e-type=\"widget\" data-widget_type=\"wp-widget-bcn_widget.default\">\n\t\t\t\t<div class=\"elementor-widget-container\">\n\t\t\t\t\t<div class=\"breadcrumbs\" vocab=\"https:\/\/schema.org\/\" typeof=\"BreadcrumbList\"><span property=\"itemListElement\" typeof=\"ListItem\"><a property=\"item\" typeof=\"WebPage\" title=\"Go to accueil.\" href=\"https:\/\/www.hqegbc.org\/en\/\" class=\"home\" ><span property=\"name\">Accueil<\/span><\/a><meta property=\"position\" content=\"1\"><\/span><span style=\"margin: 0 12px\">\/<\/span><span property=\"itemListElement\" typeof=\"ListItem\"><a property=\"item\" typeof=\"WebPage\" title=\"Go to Actus.\" href=\"https:\/\/www.hqegbc.org\/actuallite-alliance-hqe-gb\/\" class=\"post-root post post-post\" aria-current=\"page\"><span property=\"name\">Actus<\/span><\/a><meta property=\"position\" content=\"2\"><\/span><\/div>\t\t\t\t<\/div>\n\t\t\t\t<\/div>\n\t\t\t\t<div class=\"elementor-element elementor-element-a5e12ca elementor-widget elementor-widget-theme-post-title elementor-page-title elementor-widget-heading\" data-id=\"a5e12ca\" data-element_type=\"widget\" data-e-type=\"widget\" data-widget_type=\"theme-post-title.default\">\n\t\t\t\t<div class=\"elementor-widget-container\">\n\t\t\t\t\t<h1 class=\"elementor-heading-title elementor-size-default\">Qui sommes-nous ?<\/h1>\t\t\t\t<\/div>\n\t\t\t\t<\/div>\n\t\t\t\t\t<\/div>\n\t\t<\/div>\n\t\t\t\t<div class=\"elementor-column elementor-col-50 elementor-top-column elementor-element elementor-element-815137a elementor-hidden-mobile\" data-id=\"815137a\" data-element_type=\"column\" data-e-type=\"column\" data-settings=\"{&quot;background_background&quot;:&quot;classic&quot;}\">\n\t\t\t<div class=\"elementor-widget-wrap\">\n\t\t\t\t\t<div class=\"elementor-background-overlay\"><\/div>\n\t\t\t\t\t\t\t<\/div>\n\t\t<\/div>\n\t\t\t\t\t<\/div>\n\t\t<\/section>\n\t\t\t\t<section class=\"elementor-section elementor-top-section elementor-element elementor-element-91ae521 single-page-content elementor-section-boxed elementor-section-height-default elementor-section-height-default\" data-id=\"91ae521\" data-element_type=\"section\" data-e-type=\"section\">\n\t\t\t\t\t\t<div class=\"elementor-container elementor-column-gap-default\">\n\t\t\t\t\t<div class=\"elementor-column elementor-col-100 elementor-top-column elementor-element elementor-element-130fc03\" data-id=\"130fc03\" data-element_type=\"column\" data-e-type=\"column\">\n\t\t\t<div class=\"elementor-widget-wrap elementor-element-populated\">\n\t\t\t\t\t\t<div class=\"elementor-element elementor-element-4ad1e19 elementor-widget elementor-widget-shortcode\" data-id=\"4ad1e19\" data-element_type=\"widget\" data-e-type=\"widget\" data-widget_type=\"shortcode.default\">\n\t\t\t\t<div class=\"elementor-widget-container\">\n\t\t\t\t\t\t\t<div class=\"elementor-shortcode\">    <div class=\"projects childpages\">\r\n                <div class=\"project childpage\">\r\n                <div class=\"content\">\r\n                    <div class=\"icon_title\">\r\n                        <h4>Our history<\/h4>\r\n                    <\/div>\r\n                    <p>Discover the history of the Alliance HQE-GBC and its development since 1987.<\/p>\r\n                    <div class=\"text-center\">\r\n                        <a href=\"https:\/\/www.hqegbc.org\/en\/qui-sommes-nous-alliance-hqe-gbc\/our-history-alliance-hqe-gbc\/\" class=\"btn\">Voir la page<\/a>\r\n                    <\/div>\r\n                <\/div>\r\n            <\/div>\r\n                <div class=\"project childpage\">\r\n                <div class=\"content\">\r\n                    <div class=\"icon_title\">\r\n                        <h4>Missions and tools<\/h4>\r\n                    <\/div>\r\n                    <p>This article allows you to understand the missions of the HQE-GBC Alliance and its tools.<\/p>\r\n                    <div class=\"text-center\">\r\n                        <a href=\"https:\/\/www.hqegbc.org\/en\/qui-sommes-nous-alliance-hqe-gbc\/missions-and-tools-alliance-hqe-gbc\/\" class=\"btn\">Voir la page<\/a>\r\n                    <\/div>\r\n                <\/div>\r\n            <\/div>\r\n                <div class=\"project childpage\">\r\n                <div class=\"content\">\r\n                    <div class=\"icon_title\">\r\n                        <h4>Administrators and teams<\/h4>\r\n                    <\/div>\r\n                    <p>The governance of the Alliance HQE-GBC is organized around a Board of Directors elected by the General Assembly, which makes decisions, and a Bureau which, with the support of permanent staff, implements the decisions of the Board.<\/p>\r\n                    <div class=\"text-center\">\r\n                        <a href=\"https:\/\/www.hqegbc.org\/en\/qui-sommes-nous-alliance-hqe-gbc\/administrators-and-teams\/\" class=\"btn\">Voir la page<\/a>\r\n                    <\/div>\r\n                <\/div>\r\n            <\/div>\r\n                <div class=\"project childpage\">\r\n                <div class=\"content\">\r\n                    <div class=\"icon_title\">\r\n                        <h4>The HQE network<\/h4>\r\n                    <\/div>\r\n                    <p>The Alliance HQE-GBC favors collaborative work in a network to multiply its action and promote a close exchange with the actors of the construction and sustainable development sector.<\/p>\r\n                    <div class=\"text-center\">\r\n                        <a href=\"https:\/\/www.hqegbc.org\/en\/qui-sommes-nous-alliance-hqe-gbc\/the-hqe-network\/\" class=\"btn\">Voir la page<\/a>\r\n                    <\/div>\r\n                <\/div>\r\n            <\/div>\r\n                <div class=\"project childpage\">\r\n                <div class=\"content\">\r\n                    <div class=\"icon_title\">\r\n                        <h4>The certification<\/h4>\r\n                    <\/div>\r\n                    <p>La certification HQE constitue un signe de qualit\u00e9 indiscutable pour un b\u00e2timent, un am\u00e9nagement ou une infrastructure.<\/p>\r\n                    <div class=\"text-center\">\r\n                        <a href=\"https:\/\/www.hqegbc.org\/en\/qui-sommes-nous-alliance-hqe-gbc\/la-certification-hqe\/\" class=\"btn\">Voir la page<\/a>\r\n                    <\/div>\r\n                <\/div>\r\n            <\/div>\r\n                <div class=\"project childpage\">\r\n                <div class=\"content\">\r\n                    <div class=\"icon_title\">\r\n                        <h4>Use of the HQE mark<\/h4>\r\n                    <\/div>\r\n                    <p>HQE est une marque dont l\u2019Association est propri\u00e9taire en France et \u00e0 l\u2019International. Elle d\u00e9tient ainsi plusieurs marques HQE enregistr\u00e9es.<\/p>\r\n                    <div class=\"text-center\">\r\n                        <a href=\"https:\/\/www.hqegbc.org\/en\/qui-sommes-nous-alliance-hqe-gbc\/use-of-the-hqe-mark\/\" class=\"btn\">Voir la page<\/a>\r\n                    <\/div>\r\n                <\/div>\r\n            <\/div>\r\n                <div class=\"project childpage\">\r\n                <div class=\"content\">\r\n                    <div class=\"icon_title\">\r\n                        <h4>Membership<\/h4>\r\n                    <\/div>\r\n                    <p>D\u00e9veloppez votre activit\u00e9 et votre r\u00e9seau en adh\u00e9rant \u00e0 l\u2019Alliance HQE-GBC et contribuez au d\u00e9veloppement d\u2019un cadre de vie durable pour tous.<\/p>\r\n                    <div class=\"text-center\">\r\n                        <a href=\"https:\/\/www.hqegbc.org\/en\/qui-sommes-nous-alliance-hqe-gbc\/membership\/\" class=\"btn\">Voir la page<\/a>\r\n                    <\/div>\r\n                <\/div>\r\n            <\/div>\r\n            <\/div>\r\n<\/div>\n\t\t\t\t\t\t<\/div>\n\t\t\t\t<\/div>\n\t\t\t\t\t<\/div>\n\t\t<\/div>\n\t\t\t\t\t<\/div>\n\t\t<\/section>\n\t\t\t\t<\/div>\n\t\t","protected":false},"excerpt":{"rendered":"","protected":false},"author":1,"featured_media":14604,"parent":0,"menu_order":0,"comment_status":"closed","ping_status":"closed","template":"","meta":{"_acf_changed":false,"inline_featured_image":false,"footnotes":""},"class_list":["post-23332","page","type-page","status-publish","has-post-thumbnail","hentry"],"acf":[],"yoast_head":"<!-- This site is optimized with the Yoast SEO plugin v27.2 - https:\/\/yoast.com\/product\/yoast-seo-wordpress\/ -->\n<title>Qui sommes nous ? Alliance HQE-GBC<\/title>\n<meta name=\"description\" content=\"Notre histoire, nos missions, le r\u00e9seau HQE, la certification... Apprenez \u00e0 nous connaitre \u00e0 travers cet article.\" \/>\n<meta name=\"robots\" content=\"index, follow, max-snippet:-1, max-image-preview:large, max-video-preview:-1\" \/>\n<link rel=\"canonical\" href=\"https:\/\/www.hqegbc.org\/en\/qui-sommes-nous-alliance-hqe-gbc\/\" \/>\n<meta property=\"og:locale\" content=\"en_US\" \/>\n<meta property=\"og:type\" content=\"article\" \/>\n<meta property=\"og:title\" content=\"Qui sommes nous ? Alliance HQE-GBC\" \/>\n<meta property=\"og:description\" content=\"Notre histoire, nos missions, le r\u00e9seau HQE, la certification... Apprenez \u00e0 nous connaitre \u00e0 travers cet article.\" \/>\n<meta property=\"og:url\" content=\"https:\/\/www.hqegbc.org\/en\/qui-sommes-nous-alliance-hqe-gbc\/\" \/>\n<meta property=\"og:site_name\" content=\"Alliance HQE-GBC\" \/>\n<meta property=\"article:modified_time\" content=\"2023-03-21T16:13:50+00:00\" \/>\n<meta property=\"og:image\" content=\"https:\/\/www.hqegbc.org\/wp-content\/uploads\/2022\/08\/HEMIS_1262965.jpg\" \/>\n\t<meta property=\"og:image:width\" content=\"1900\" \/>\n\t<meta property=\"og:image:height\" content=\"1267\" \/>\n\t<meta property=\"og:image:type\" content=\"image\/jpeg\" \/>\n<meta name=\"twitter:card\" content=\"summary_large_image\" \/>\n<meta name=\"twitter:title\" content=\"Qui sommes nous ? Alliance HQE-GBC\" \/>\n<meta name=\"twitter:description\" content=\"Notre histoire, nos missions, le r\u00e9seau HQE, la certification... Apprenez \u00e0 nous connaitre \u00e0 travers cet article.\" \/>\n<meta name=\"twitter:image\" content=\"https:\/\/www.hqegbc.org\/wp-content\/uploads\/2022\/08\/HEMIS_1262965.jpg\" \/>\n<meta name=\"twitter:label1\" content=\"Est. reading time\" \/>\n\t<meta name=\"twitter:data1\" content=\"1 minute\" \/>\n<script type=\"application\/ld+json\" class=\"yoast-schema-graph\">{\"@context\":\"https:\/\/schema.org\",\"@graph\":[{\"@type\":\"WebPage\",\"@id\":\"https:\/\/www.hqegbc.org\/en\/qui-sommes-nous-alliance-hqe-gbc\/\",\"url\":\"https:\/\/www.hqegbc.org\/en\/qui-sommes-nous-alliance-hqe-gbc\/\",\"name\":\"Qui sommes nous ? Alliance HQE-GBC\",\"isPartOf\":{\"@id\":\"https:\/\/www.hqegbc.org\/#website\"},\"primaryImageOfPage\":{\"@id\":\"https:\/\/www.hqegbc.org\/en\/qui-sommes-nous-alliance-hqe-gbc\/#primaryimage\"},\"image\":{\"@id\":\"https:\/\/www.hqegbc.org\/en\/qui-sommes-nous-alliance-hqe-gbc\/#primaryimage\"},\"thumbnailUrl\":\"https:\/\/www.hqegbc.org\/wp-content\/uploads\/2022\/08\/HEMIS_1262965.jpg\",\"datePublished\":\"2021-09-07T12:34:11+00:00\",\"dateModified\":\"2023-03-21T16:13:50+00:00\",\"description\":\"Notre histoire, nos missions, le r\u00e9seau HQE, la certification... Apprenez \u00e0 nous connaitre \u00e0 travers cet article.\",\"inLanguage\":\"en-US\",\"potentialAction\":[{\"@type\":\"ReadAction\",\"target\":[\"https:\/\/www.hqegbc.org\/en\/qui-sommes-nous-alliance-hqe-gbc\/\"]}]},{\"@type\":\"ImageObject\",\"inLanguage\":\"en-US\",\"@id\":\"https:\/\/www.hqegbc.org\/en\/qui-sommes-nous-alliance-hqe-gbc\/#primaryimage\",\"url\":\"https:\/\/www.hqegbc.org\/wp-content\/uploads\/2022\/08\/HEMIS_1262965.jpg\",\"contentUrl\":\"https:\/\/www.hqegbc.org\/wp-content\/uploads\/2022\/08\/HEMIS_1262965.jpg\",\"width\":1900,\"height\":1267},{\"@type\":\"WebSite\",\"@id\":\"https:\/\/www.hqegbc.org\/#website\",\"url\":\"https:\/\/www.hqegbc.org\/\",\"name\":\"Alliance HQE-GBC\",\"description\":\"The alliance of professionals for a sustainable living environment\",\"publisher\":{\"@id\":\"https:\/\/www.hqegbc.org\/#organization\"},\"potentialAction\":[{\"@type\":\"SearchAction\",\"target\":{\"@type\":\"EntryPoint\",\"urlTemplate\":\"https:\/\/www.hqegbc.org\/?s={search_term_string}\"},\"query-input\":{\"@type\":\"PropertyValueSpecification\",\"valueRequired\":true,\"valueName\":\"search_term_string\"}}],\"inLanguage\":\"en-US\"},{\"@type\":\"Organization\",\"@id\":\"https:\/\/www.hqegbc.org\/#organization\",\"name\":\"Alliance HQE-GBC\",\"url\":\"https:\/\/www.hqegbc.org\/\",\"logo\":{\"@type\":\"ImageObject\",\"inLanguage\":\"en-US\",\"@id\":\"https:\/\/www.hqegbc.org\/#\/schema\/logo\/image\/\",\"url\":\"https:\/\/www.hqegbc.org\/wp-content\/uploads\/2021\/09\/Logo_alliance_HQE-RVB.svg\",\"contentUrl\":\"https:\/\/www.hqegbc.org\/wp-content\/uploads\/2021\/09\/Logo_alliance_HQE-RVB.svg\",\"width\":345,\"height\":262,\"caption\":\"Alliance HQE-GBC\"},\"image\":{\"@id\":\"https:\/\/www.hqegbc.org\/#\/schema\/logo\/image\/\"}}]}<\/script>\n<!-- \/ Yoast SEO plugin. -->","yoast_head_json":{"title":"Qui sommes nous ? Alliance HQE-GBC","description":"Notre histoire, nos missions, le r\u00e9seau HQE, la certification... Apprenez \u00e0 nous connaitre \u00e0 travers cet article.","robots":{"index":"index","follow":"follow","max-snippet":"max-snippet:-1","max-image-preview":"max-image-preview:large","max-video-preview":"max-video-preview:-1"},"canonical":"https:\/\/www.hqegbc.org\/en\/qui-sommes-nous-alliance-hqe-gbc\/","og_locale":"en_US","og_type":"article","og_title":"Qui sommes nous ? Alliance HQE-GBC","og_description":"Notre histoire, nos missions, le r\u00e9seau HQE, la certification... Apprenez \u00e0 nous connaitre \u00e0 travers cet article.","og_url":"https:\/\/www.hqegbc.org\/en\/qui-sommes-nous-alliance-hqe-gbc\/","og_site_name":"Alliance HQE-GBC","article_modified_time":"2023-03-21T16:13:50+00:00","og_image":[{"width":1900,"height":1267,"url":"https:\/\/www.hqegbc.org\/wp-content\/uploads\/2022\/08\/HEMIS_1262965.jpg","type":"image\/jpeg"}],"twitter_card":"summary_large_image","twitter_title":"Qui sommes nous ? Alliance HQE-GBC","twitter_description":"Notre histoire, nos missions, le r\u00e9seau HQE, la certification... Apprenez \u00e0 nous connaitre \u00e0 travers cet article.","twitter_image":"https:\/\/www.hqegbc.org\/wp-content\/uploads\/2022\/08\/HEMIS_1262965.jpg","twitter_misc":{"Est. reading time":"1 minute"},"schema":{"@context":"https:\/\/schema.org","@graph":[{"@type":"WebPage","@id":"https:\/\/www.hqegbc.org\/en\/qui-sommes-nous-alliance-hqe-gbc\/","url":"https:\/\/www.hqegbc.org\/en\/qui-sommes-nous-alliance-hqe-gbc\/","name":"Qui sommes nous ? Alliance HQE-GBC","isPartOf":{"@id":"https:\/\/www.hqegbc.org\/#website"},"primaryImageOfPage":{"@id":"https:\/\/www.hqegbc.org\/en\/qui-sommes-nous-alliance-hqe-gbc\/#primaryimage"},"image":{"@id":"https:\/\/www.hqegbc.org\/en\/qui-sommes-nous-alliance-hqe-gbc\/#primaryimage"},"thumbnailUrl":"https:\/\/www.hqegbc.org\/wp-content\/uploads\/2022\/08\/HEMIS_1262965.jpg","datePublished":"2021-09-07T12:34:11+00:00","dateModified":"2023-03-21T16:13:50+00:00","description":"Notre histoire, nos missions, le r\u00e9seau HQE, la certification... Apprenez \u00e0 nous connaitre \u00e0 travers cet article.","inLanguage":"en-US","potentialAction":[{"@type":"ReadAction","target":["https:\/\/www.hqegbc.org\/en\/qui-sommes-nous-alliance-hqe-gbc\/"]}]},{"@type":"ImageObject","inLanguage":"en-US","@id":"https:\/\/www.hqegbc.org\/en\/qui-sommes-nous-alliance-hqe-gbc\/#primaryimage","url":"https:\/\/www.hqegbc.org\/wp-content\/uploads\/2022\/08\/HEMIS_1262965.jpg","contentUrl":"https:\/\/www.hqegbc.org\/wp-content\/uploads\/2022\/08\/HEMIS_1262965.jpg","width":1900,"height":1267},{"@type":"WebSite","@id":"https:\/\/www.hqegbc.org\/#website","url":"https:\/\/www.hqegbc.org\/","name":"Alliance HQE-GBC","description":"The alliance of professionals for a sustainable living environment","publisher":{"@id":"https:\/\/www.hqegbc.org\/#organization"},"potentialAction":[{"@type":"SearchAction","target":{"@type":"EntryPoint","urlTemplate":"https:\/\/www.hqegbc.org\/?s={search_term_string}"},"query-input":{"@type":"PropertyValueSpecification","valueRequired":true,"valueName":"search_term_string"}}],"inLanguage":"en-US"},{"@type":"Organization","@id":"https:\/\/www.hqegbc.org\/#organization","name":"Alliance HQE-GBC","url":"https:\/\/www.hqegbc.org\/","logo":{"@type":"ImageObject","inLanguage":"en-US","@id":"https:\/\/www.hqegbc.org\/#\/schema\/logo\/image\/","url":"https:\/\/www.hqegbc.org\/wp-content\/uploads\/2021\/09\/Logo_alliance_HQE-RVB.svg","contentUrl":"https:\/\/www.hqegbc.org\/wp-content\/uploads\/2021\/09\/Logo_alliance_HQE-RVB.svg","width":345,"height":262,"caption":"Alliance HQE-GBC"},"image":{"@id":"https:\/\/www.hqegbc.org\/#\/schema\/logo\/image\/"}}]}},"_links":{"self":[{"href":"https:\/\/www.hqegbc.org\/en\/wp-json\/wp\/v2\/pages\/23332","targetHints":{"allow":["GET"]}}],"collection":[{"href":"https:\/\/www.hqegbc.org\/en\/wp-json\/wp\/v2\/pages"}],"about":[{"href":"https:\/\/www.hqegbc.org\/en\/wp-json\/wp\/v2\/types\/page"}],"author":[{"embeddable":true,"href":"https:\/\/www.hqegbc.org\/en\/wp-json\/wp\/v2\/users\/1"}],"replies":[{"embeddable":true,"href":"https:\/\/www.hqegbc.org\/en\/wp-json\/wp\/v2\/comments?post=23332"}],"version-history":[{"count":0,"href":"https:\/\/www.hqegbc.org\/en\/wp-json\/wp\/v2\/pages\/23332\/revisions"}],"wp:featuredmedia":[{"embeddable":true,"href":"https:\/\/www.hqegbc.org\/en\/wp-json\/wp\/v2\/media\/14604"}],"wp:attachment":[{"href":"https:\/\/www.hqegbc.org\/en\/wp-json\/wp\/v2\/media?parent=23332"}],"curies":[{"name":"wp","href":"https:\/\/api.w.org\/{rel}","templated":true}]}}