{"id":23286,"date":"2022-07-29T09:52:17","date_gmt":"2022-07-29T07:52:17","guid":{"rendered":"https:\/\/www.hqegbc.org\/la-certification-hqe\/"},"modified":"2023-03-22T10:43:11","modified_gmt":"2023-03-22T09:43:11","slug":"la-certification-hqe","status":"publish","type":"page","link":"https:\/\/www.hqegbc.org\/en\/qui-sommes-nous-alliance-hqe-gbc\/la-certification-hqe\/","title":{"rendered":"The certification"},"content":{"rendered":"\t\t<div data-elementor-type=\"wp-page\" data-elementor-id=\"23286\" class=\"elementor elementor-23286 elementor-13672\" data-elementor-post-type=\"page\">\n\t\t\t\t\t\t<section class=\"elementor-section elementor-top-section elementor-element elementor-element-db6a0ef elementor-reverse-mobile elementor-section-full_width elementor-section-height-default elementor-section-height-default\" data-id=\"db6a0ef\" data-element_type=\"section\" data-e-type=\"section\" data-settings=\"{&quot;background_background&quot;:&quot;classic&quot;,&quot;background_motion_fx_motion_fx_scrolling&quot;:&quot;yes&quot;,&quot;background_motion_fx_blur_effect&quot;:&quot;yes&quot;,&quot;background_motion_fx_blur_direction&quot;:&quot;out-in&quot;,&quot;background_motion_fx_blur_level&quot;:{&quot;unit&quot;:&quot;px&quot;,&quot;size&quot;:7,&quot;sizes&quot;:[]},&quot;background_motion_fx_blur_range&quot;:{&quot;unit&quot;:&quot;%&quot;,&quot;size&quot;:&quot;&quot;,&quot;sizes&quot;:{&quot;start&quot;:20,&quot;end&quot;:80}},&quot;background_motion_fx_devices&quot;:[&quot;desktop&quot;,&quot;tablet&quot;,&quot;mobile&quot;]}\">\n\t\t\t\t\t\t\t<div class=\"elementor-background-overlay\"><\/div>\n\t\t\t\t\t\t\t<div class=\"elementor-container elementor-column-gap-default\">\n\t\t\t\t\t<div class=\"elementor-column elementor-col-50 elementor-top-column elementor-element elementor-element-8a6fd83\" data-id=\"8a6fd83\" data-element_type=\"column\" data-e-type=\"column\" data-settings=\"{&quot;background_background&quot;:&quot;classic&quot;}\">\n\t\t\t<div class=\"elementor-widget-wrap elementor-element-populated\">\n\t\t\t\t\t\t<div class=\"elementor-element elementor-element-ed03217 elementor-widget elementor-widget-wp-widget-bcn_widget\" data-id=\"ed03217\" data-element_type=\"widget\" data-e-type=\"widget\" data-widget_type=\"wp-widget-bcn_widget.default\">\n\t\t\t\t<div class=\"elementor-widget-container\">\n\t\t\t\t\t<div class=\"breadcrumbs\" vocab=\"https:\/\/schema.org\/\" typeof=\"BreadcrumbList\"><span property=\"itemListElement\" typeof=\"ListItem\"><a property=\"item\" typeof=\"WebPage\" title=\"Go to accueil.\" href=\"https:\/\/www.hqegbc.org\/en\/\" class=\"home\" ><span property=\"name\">Accueil<\/span><\/a><meta property=\"position\" content=\"1\"><\/span><span style=\"margin: 0 12px\">\/<\/span><span property=\"itemListElement\" typeof=\"ListItem\"><a property=\"item\" typeof=\"WebPage\" title=\"Go to Actus.\" href=\"https:\/\/www.hqegbc.org\/actuallite-alliance-hqe-gb\/\" class=\"post-root post post-post\" aria-current=\"page\"><span property=\"name\">Actus<\/span><\/a><meta property=\"position\" content=\"2\"><\/span><\/div>\t\t\t\t<\/div>\n\t\t\t\t<\/div>\n\t\t\t\t<div class=\"elementor-element elementor-element-dd21cf7 elementor-widget elementor-widget-shortcode\" data-id=\"dd21cf7\" data-element_type=\"widget\" data-e-type=\"widget\" data-widget_type=\"shortcode.default\">\n\t\t\t\t<div class=\"elementor-widget-container\">\n\t\t\t\t\t\t\t<div class=\"elementor-shortcode\">\r\n                <h2 class=\"title_parent_page\">\r\n        Qui sommes-nous ?        <\/h2>\r\n    <\/div>\n\t\t\t\t\t\t<\/div>\n\t\t\t\t<\/div>\n\t\t\t\t<div class=\"elementor-element elementor-element-d2985fc elementor-widget elementor-widget-theme-post-title elementor-page-title elementor-widget-heading\" data-id=\"d2985fc\" data-element_type=\"widget\" data-e-type=\"widget\" data-widget_type=\"theme-post-title.default\">\n\t\t\t\t<div class=\"elementor-widget-container\">\n\t\t\t\t\t<h1 class=\"elementor-heading-title elementor-size-default\">The certification<\/h1>\t\t\t\t<\/div>\n\t\t\t\t<\/div>\n\t\t\t\t\t<\/div>\n\t\t<\/div>\n\t\t\t\t<div class=\"elementor-column elementor-col-50 elementor-top-column elementor-element elementor-element-46cea69 elementor-hidden-mobile\" data-id=\"46cea69\" data-element_type=\"column\" data-e-type=\"column\" data-settings=\"{&quot;background_background&quot;:&quot;classic&quot;}\">\n\t\t\t<div class=\"elementor-widget-wrap\">\n\t\t\t\t\t<div class=\"elementor-background-overlay\"><\/div>\n\t\t\t\t\t\t\t<\/div>\n\t\t<\/div>\n\t\t\t\t\t<\/div>\n\t\t<\/section>\n\t\t\t\t<section class=\"elementor-section elementor-top-section elementor-element elementor-element-d339c4b single-page-content elementor-section-boxed elementor-section-height-default elementor-section-height-default\" data-id=\"d339c4b\" data-element_type=\"section\" data-e-type=\"section\">\n\t\t\t\t\t\t<div class=\"elementor-container elementor-column-gap-default\">\n\t\t\t\t\t<div class=\"elementor-column elementor-col-100 elementor-top-column elementor-element elementor-element-f026634\" data-id=\"f026634\" data-element_type=\"column\" data-e-type=\"column\">\n\t\t\t<div class=\"elementor-widget-wrap elementor-element-populated\">\n\t\t\t\t\t\t<div class=\"elementor-element elementor-element-ac8514f elementor-widget elementor-widget-text-editor\" data-id=\"ac8514f\" data-element_type=\"widget\" data-e-type=\"widget\" data-widget_type=\"text-editor.default\">\n\t\t\t\t<div class=\"elementor-widget-container\">\n\t\t\t\t\t\t\t\t\t<p>To certify that a building (residential or tertiary), a district or an infrastructure takes into account the <strong>requirements and expectations related to the challenges of the sustainable city<\/strong>, the <strong>HQE certification<\/strong> constitutes an indisputable sign of quality.<\/p><p>HQE certification reflects a <strong>balance between<\/strong> <strong>respect for the environment<\/strong> (energy, carbon, water, waste, biodiversity, etc.), <strong>quality of life and economic performance through a global and multi-theme\/multi-criteria approach.<\/strong> Whatever the territory, HQE is also a strategic roadmap, <strong>guaranteeing control of costs and deadlines<\/strong> during construction, <strong>control of costs and risks<\/strong> during operation and <strong>differentiation<\/strong> during rental or sale.<\/p><p>The various <strong>HQE certifications, which can be associated with the NF mark,<\/strong> have been built on the basis of the <strong>reference frameworks made available by the HQE-GBC Alliance<\/strong> and are regularly enriched with feedback. HQE certification is based on <strong>verification by independent auditors<\/strong>, via <strong>\u201cthird party\u201d<\/strong> audits, which ensure the <strong>transparency<\/strong> and <strong>credibility<\/strong> of the performance evaluation process. Significant commitment to the approach built by the HQE-GBC Alliance, <strong>the management system is at the heart of HQE certification.<\/strong><\/p><h3>Learn more<\/h3><p><span style=\"font-family: Arial, sans-serif; font-size: 11pt; color: #000000; font-weight: var( --e-global-typography-text-font-weight ); text-align: var(--bs-body-text-align);\">HQE certifications apply to:<\/span><\/p><ul><li><b>buildings<\/b> (collective and individual housing and tertiary buildings), in the construction phases, but also during operation, for new programs as well as for renovation;<\/li><li class=\"li1\"><b><\/b><span class=\"s2\"><b>development,<\/b> HQE certification aimed at project owners (local authorities, developers) of development operations, whether public or private;<\/span><\/li><li class=\"li2\"><b><\/b><span class=\"s2\"><b>to infrastructure.<\/b><\/span><\/li><\/ul><p><span style=\"font-family: Arial, sans-serif; font-size: 11pt; color: #000000; font-weight: var( --e-global-typography-text-font-weight ); text-align: var(--bs-body-text-align);\">They are issued in France and abroad, by 2 independent and impartial certication bodies:<\/span><\/p><p style=\"margin: 0cm; font-size: 12pt; font-family: Calibri, sans-serif; color: #000000;\">\u00a0<\/p>\t\t\t\t\t\t\t\t<\/div>\n\t\t\t\t<\/div>\n\t\t\t\t<div class=\"elementor-element elementor-element-97824b2 elementor-widget__width-initial img-box elementor-position-top elementor-widget elementor-widget-image-box\" data-id=\"97824b2\" data-element_type=\"widget\" data-e-type=\"widget\" data-widget_type=\"image-box.default\">\n\t\t\t\t<div class=\"elementor-widget-container\">\n\t\t\t\t\t<div class=\"elementor-image-box-wrapper\"><figure class=\"elementor-image-box-img\"><a href=\"https:\/\/certivea.fr\/\" target=\"_blank\" tabindex=\"-1\"><img fetchpriority=\"high\" decoding=\"async\" width=\"1200\" height=\"222\" src=\"https:\/\/www.hqegbc.org\/wp-content\/uploads\/2022\/07\/certivea.png\" class=\"attachment-full size-full wp-image-13558\" alt=\"\" srcset=\"https:\/\/www.hqegbc.org\/wp-content\/uploads\/2022\/07\/certivea.png 1200w, https:\/\/www.hqegbc.org\/wp-content\/uploads\/2022\/07\/certivea-300x56.png 300w, https:\/\/www.hqegbc.org\/wp-content\/uploads\/2022\/07\/certivea-1024x189.png 1024w, https:\/\/www.hqegbc.org\/wp-content\/uploads\/2022\/07\/certivea-768x142.png 768w\" sizes=\"(max-width: 1200px) 100vw, 1200px\" \/><\/a><\/figure><div class=\"elementor-image-box-content\"><p class=\"elementor-image-box-description\">For tertiary buildings, urban planning developments and infrastructures<\/p><\/div><\/div>\t\t\t\t<\/div>\n\t\t\t\t<\/div>\n\t\t\t\t<div class=\"elementor-element elementor-element-55365aa elementor-widget__width-initial img-box elementor-position-top elementor-widget elementor-widget-image-box\" data-id=\"55365aa\" data-element_type=\"widget\" data-e-type=\"widget\" data-widget_type=\"image-box.default\">\n\t\t\t\t<div class=\"elementor-widget-container\">\n\t\t\t\t\t<div class=\"elementor-image-box-wrapper\"><figure class=\"elementor-image-box-img\"><a href=\"https:\/\/www.qualitel.org\/professionnels\/certification\/\" target=\"_blank\" tabindex=\"-1\"><img decoding=\"async\" width=\"1060\" height=\"313\" src=\"https:\/\/www.hqegbc.org\/wp-content\/uploads\/2022\/07\/cerqual.png\" class=\"attachment-full size-full wp-image-13563\" alt=\"\" srcset=\"https:\/\/www.hqegbc.org\/wp-content\/uploads\/2022\/07\/cerqual.png 1060w, https:\/\/www.hqegbc.org\/wp-content\/uploads\/2022\/07\/cerqual-300x89.png 300w, https:\/\/www.hqegbc.org\/wp-content\/uploads\/2022\/07\/cerqual-1024x302.png 1024w, https:\/\/www.hqegbc.org\/wp-content\/uploads\/2022\/07\/cerqual-768x227.png 768w\" sizes=\"(max-width: 1060px) 100vw, 1060px\" \/><\/a><\/figure><div class=\"elementor-image-box-content\"><p class=\"elementor-image-box-description\">For housing<\/p><\/div><\/div>\t\t\t\t<\/div>\n\t\t\t\t<\/div>\n\t\t\t\t\t<\/div>\n\t\t<\/div>\n\t\t\t\t\t<\/div>\n\t\t<\/section>\n\t\t\t\t<\/div>\n\t\t","protected":false},"excerpt":{"rendered":"<p>To certify that a building (residential or tertiary), a district or an infrastructure takes into account the requirements and expectations related to the challenges of the sustainable city, the HQE certification constitutes an indisputable sign of quality. HQE certification reflects a balance between respect for the environment (energy, carbon, water, waste, biodiversity, etc.), quality of [&hellip;]<\/p>\n","protected":false},"author":2,"featured_media":14600,"parent":23332,"menu_order":4,"comment_status":"closed","ping_status":"closed","template":"","meta":{"_acf_changed":false,"inline_featured_image":false,"footnotes":""},"class_list":["post-23286","page","type-page","status-publish","has-post-thumbnail","hentry"],"acf":[],"yoast_head":"<!-- This site is optimized with the Yoast SEO plugin v27.2 - https:\/\/yoast.com\/product\/yoast-seo-wordpress\/ -->\n<title>La certification HQE<\/title>\n<meta name=\"description\" content=\"La certification HQE constitue un signe de qualit\u00e9 indiscutable pour un b\u00e2timent, un am\u00e9nagement ou une infrastructure.\" \/>\n<meta name=\"robots\" content=\"index, follow, max-snippet:-1, max-image-preview:large, max-video-preview:-1\" \/>\n<link rel=\"canonical\" href=\"https:\/\/www.hqegbc.org\/en\/qui-sommes-nous-alliance-hqe-gbc\/la-certification-hqe\/\" \/>\n<meta property=\"og:locale\" content=\"en_US\" \/>\n<meta property=\"og:type\" content=\"article\" \/>\n<meta property=\"og:title\" content=\"La certification HQE\" \/>\n<meta property=\"og:description\" content=\"La certification HQE constitue un signe de qualit\u00e9 indiscutable pour un b\u00e2timent, un am\u00e9nagement ou une infrastructure.\" \/>\n<meta property=\"og:url\" content=\"https:\/\/www.hqegbc.org\/en\/qui-sommes-nous-alliance-hqe-gbc\/la-certification-hqe\/\" \/>\n<meta property=\"og:site_name\" content=\"Alliance HQE-GBC\" \/>\n<meta property=\"article:modified_time\" content=\"2023-03-22T09:43:11+00:00\" \/>\n<meta property=\"og:image\" content=\"https:\/\/www.hqegbc.org\/wp-content\/uploads\/2022\/08\/HEMIS_4356312.jpg\" \/>\n\t<meta property=\"og:image:width\" content=\"1900\" \/>\n\t<meta property=\"og:image:height\" content=\"1425\" \/>\n\t<meta property=\"og:image:type\" content=\"image\/jpeg\" \/>\n<meta name=\"twitter:card\" content=\"summary_large_image\" \/>\n<meta name=\"twitter:title\" content=\"La certification HQE\" \/>\n<meta name=\"twitter:description\" content=\"La certification HQE constitue un signe de qualit\u00e9 indiscutable pour un b\u00e2timent, un am\u00e9nagement ou une infrastructure.\" \/>\n<meta name=\"twitter:image\" content=\"https:\/\/www.hqegbc.org\/wp-content\/uploads\/2022\/08\/HEMIS_4356312.jpg\" \/>\n<meta name=\"twitter:label1\" content=\"Est. reading time\" \/>\n\t<meta name=\"twitter:data1\" content=\"2 minutes\" \/>\n<script type=\"application\/ld+json\" class=\"yoast-schema-graph\">{\"@context\":\"https:\/\/schema.org\",\"@graph\":[{\"@type\":\"WebPage\",\"@id\":\"https:\/\/www.hqegbc.org\/en\/qui-sommes-nous-alliance-hqe-gbc\/la-certification-hqe\/\",\"url\":\"https:\/\/www.hqegbc.org\/en\/qui-sommes-nous-alliance-hqe-gbc\/la-certification-hqe\/\",\"name\":\"La certification HQE\",\"isPartOf\":{\"@id\":\"https:\/\/www.hqegbc.org\/#website\"},\"primaryImageOfPage\":{\"@id\":\"https:\/\/www.hqegbc.org\/en\/qui-sommes-nous-alliance-hqe-gbc\/la-certification-hqe\/#primaryimage\"},\"image\":{\"@id\":\"https:\/\/www.hqegbc.org\/en\/qui-sommes-nous-alliance-hqe-gbc\/la-certification-hqe\/#primaryimage\"},\"thumbnailUrl\":\"https:\/\/www.hqegbc.org\/wp-content\/uploads\/2022\/08\/HEMIS_4356312.jpg\",\"datePublished\":\"2022-07-29T07:52:17+00:00\",\"dateModified\":\"2023-03-22T09:43:11+00:00\",\"description\":\"La certification HQE constitue un signe de qualit\u00e9 indiscutable pour un b\u00e2timent, un am\u00e9nagement ou une infrastructure.\",\"breadcrumb\":{\"@id\":\"https:\/\/www.hqegbc.org\/en\/qui-sommes-nous-alliance-hqe-gbc\/la-certification-hqe\/#breadcrumb\"},\"inLanguage\":\"en-US\",\"potentialAction\":[{\"@type\":\"ReadAction\",\"target\":[\"https:\/\/www.hqegbc.org\/en\/qui-sommes-nous-alliance-hqe-gbc\/la-certification-hqe\/\"]}]},{\"@type\":\"ImageObject\",\"inLanguage\":\"en-US\",\"@id\":\"https:\/\/www.hqegbc.org\/en\/qui-sommes-nous-alliance-hqe-gbc\/la-certification-hqe\/#primaryimage\",\"url\":\"https:\/\/www.hqegbc.org\/wp-content\/uploads\/2022\/08\/HEMIS_4356312.jpg\",\"contentUrl\":\"https:\/\/www.hqegbc.org\/wp-content\/uploads\/2022\/08\/HEMIS_4356312.jpg\",\"width\":1900,\"height\":1425},{\"@type\":\"BreadcrumbList\",\"@id\":\"https:\/\/www.hqegbc.org\/en\/qui-sommes-nous-alliance-hqe-gbc\/la-certification-hqe\/#breadcrumb\",\"itemListElement\":[{\"@type\":\"ListItem\",\"position\":1,\"name\":\"Accueil\",\"item\":\"https:\/\/www.hqegbc.org\/en\/qui-sommes-nous-alliance-hqe-gbc\/\"},{\"@type\":\"ListItem\",\"position\":2,\"name\":\"The certification\"}]},{\"@type\":\"WebSite\",\"@id\":\"https:\/\/www.hqegbc.org\/#website\",\"url\":\"https:\/\/www.hqegbc.org\/\",\"name\":\"Alliance HQE-GBC\",\"description\":\"The alliance of professionals for a sustainable living environment\",\"publisher\":{\"@id\":\"https:\/\/www.hqegbc.org\/#organization\"},\"potentialAction\":[{\"@type\":\"SearchAction\",\"target\":{\"@type\":\"EntryPoint\",\"urlTemplate\":\"https:\/\/www.hqegbc.org\/?s={search_term_string}\"},\"query-input\":{\"@type\":\"PropertyValueSpecification\",\"valueRequired\":true,\"valueName\":\"search_term_string\"}}],\"inLanguage\":\"en-US\"},{\"@type\":\"Organization\",\"@id\":\"https:\/\/www.hqegbc.org\/#organization\",\"name\":\"Alliance HQE-GBC\",\"url\":\"https:\/\/www.hqegbc.org\/\",\"logo\":{\"@type\":\"ImageObject\",\"inLanguage\":\"en-US\",\"@id\":\"https:\/\/www.hqegbc.org\/#\/schema\/logo\/image\/\",\"url\":\"https:\/\/www.hqegbc.org\/wp-content\/uploads\/2021\/09\/Logo_alliance_HQE-RVB.svg\",\"contentUrl\":\"https:\/\/www.hqegbc.org\/wp-content\/uploads\/2021\/09\/Logo_alliance_HQE-RVB.svg\",\"width\":345,\"height\":262,\"caption\":\"Alliance HQE-GBC\"},\"image\":{\"@id\":\"https:\/\/www.hqegbc.org\/#\/schema\/logo\/image\/\"}}]}<\/script>\n<!-- \/ Yoast SEO plugin. -->","yoast_head_json":{"title":"La certification HQE","description":"La certification HQE constitue un signe de qualit\u00e9 indiscutable pour un b\u00e2timent, un am\u00e9nagement ou une infrastructure.","robots":{"index":"index","follow":"follow","max-snippet":"max-snippet:-1","max-image-preview":"max-image-preview:large","max-video-preview":"max-video-preview:-1"},"canonical":"https:\/\/www.hqegbc.org\/en\/qui-sommes-nous-alliance-hqe-gbc\/la-certification-hqe\/","og_locale":"en_US","og_type":"article","og_title":"La certification HQE","og_description":"La certification HQE constitue un signe de qualit\u00e9 indiscutable pour un b\u00e2timent, un am\u00e9nagement ou une infrastructure.","og_url":"https:\/\/www.hqegbc.org\/en\/qui-sommes-nous-alliance-hqe-gbc\/la-certification-hqe\/","og_site_name":"Alliance HQE-GBC","article_modified_time":"2023-03-22T09:43:11+00:00","og_image":[{"width":1900,"height":1425,"url":"https:\/\/www.hqegbc.org\/wp-content\/uploads\/2022\/08\/HEMIS_4356312.jpg","type":"image\/jpeg"}],"twitter_card":"summary_large_image","twitter_title":"La certification HQE","twitter_description":"La certification HQE constitue un signe de qualit\u00e9 indiscutable pour un b\u00e2timent, un am\u00e9nagement ou une infrastructure.","twitter_image":"https:\/\/www.hqegbc.org\/wp-content\/uploads\/2022\/08\/HEMIS_4356312.jpg","twitter_misc":{"Est. reading time":"2 minutes"},"schema":{"@context":"https:\/\/schema.org","@graph":[{"@type":"WebPage","@id":"https:\/\/www.hqegbc.org\/en\/qui-sommes-nous-alliance-hqe-gbc\/la-certification-hqe\/","url":"https:\/\/www.hqegbc.org\/en\/qui-sommes-nous-alliance-hqe-gbc\/la-certification-hqe\/","name":"La certification HQE","isPartOf":{"@id":"https:\/\/www.hqegbc.org\/#website"},"primaryImageOfPage":{"@id":"https:\/\/www.hqegbc.org\/en\/qui-sommes-nous-alliance-hqe-gbc\/la-certification-hqe\/#primaryimage"},"image":{"@id":"https:\/\/www.hqegbc.org\/en\/qui-sommes-nous-alliance-hqe-gbc\/la-certification-hqe\/#primaryimage"},"thumbnailUrl":"https:\/\/www.hqegbc.org\/wp-content\/uploads\/2022\/08\/HEMIS_4356312.jpg","datePublished":"2022-07-29T07:52:17+00:00","dateModified":"2023-03-22T09:43:11+00:00","description":"La certification HQE constitue un signe de qualit\u00e9 indiscutable pour un b\u00e2timent, un am\u00e9nagement ou une infrastructure.","breadcrumb":{"@id":"https:\/\/www.hqegbc.org\/en\/qui-sommes-nous-alliance-hqe-gbc\/la-certification-hqe\/#breadcrumb"},"inLanguage":"en-US","potentialAction":[{"@type":"ReadAction","target":["https:\/\/www.hqegbc.org\/en\/qui-sommes-nous-alliance-hqe-gbc\/la-certification-hqe\/"]}]},{"@type":"ImageObject","inLanguage":"en-US","@id":"https:\/\/www.hqegbc.org\/en\/qui-sommes-nous-alliance-hqe-gbc\/la-certification-hqe\/#primaryimage","url":"https:\/\/www.hqegbc.org\/wp-content\/uploads\/2022\/08\/HEMIS_4356312.jpg","contentUrl":"https:\/\/www.hqegbc.org\/wp-content\/uploads\/2022\/08\/HEMIS_4356312.jpg","width":1900,"height":1425},{"@type":"BreadcrumbList","@id":"https:\/\/www.hqegbc.org\/en\/qui-sommes-nous-alliance-hqe-gbc\/la-certification-hqe\/#breadcrumb","itemListElement":[{"@type":"ListItem","position":1,"name":"Accueil","item":"https:\/\/www.hqegbc.org\/en\/qui-sommes-nous-alliance-hqe-gbc\/"},{"@type":"ListItem","position":2,"name":"The certification"}]},{"@type":"WebSite","@id":"https:\/\/www.hqegbc.org\/#website","url":"https:\/\/www.hqegbc.org\/","name":"Alliance HQE-GBC","description":"The alliance of professionals for a sustainable living environment","publisher":{"@id":"https:\/\/www.hqegbc.org\/#organization"},"potentialAction":[{"@type":"SearchAction","target":{"@type":"EntryPoint","urlTemplate":"https:\/\/www.hqegbc.org\/?s={search_term_string}"},"query-input":{"@type":"PropertyValueSpecification","valueRequired":true,"valueName":"search_term_string"}}],"inLanguage":"en-US"},{"@type":"Organization","@id":"https:\/\/www.hqegbc.org\/#organization","name":"Alliance HQE-GBC","url":"https:\/\/www.hqegbc.org\/","logo":{"@type":"ImageObject","inLanguage":"en-US","@id":"https:\/\/www.hqegbc.org\/#\/schema\/logo\/image\/","url":"https:\/\/www.hqegbc.org\/wp-content\/uploads\/2021\/09\/Logo_alliance_HQE-RVB.svg","contentUrl":"https:\/\/www.hqegbc.org\/wp-content\/uploads\/2021\/09\/Logo_alliance_HQE-RVB.svg","width":345,"height":262,"caption":"Alliance HQE-GBC"},"image":{"@id":"https:\/\/www.hqegbc.org\/#\/schema\/logo\/image\/"}}]}},"_links":{"self":[{"href":"https:\/\/www.hqegbc.org\/en\/wp-json\/wp\/v2\/pages\/23286","targetHints":{"allow":["GET"]}}],"collection":[{"href":"https:\/\/www.hqegbc.org\/en\/wp-json\/wp\/v2\/pages"}],"about":[{"href":"https:\/\/www.hqegbc.org\/en\/wp-json\/wp\/v2\/types\/page"}],"author":[{"embeddable":true,"href":"https:\/\/www.hqegbc.org\/en\/wp-json\/wp\/v2\/users\/2"}],"replies":[{"embeddable":true,"href":"https:\/\/www.hqegbc.org\/en\/wp-json\/wp\/v2\/comments?post=23286"}],"version-history":[{"count":0,"href":"https:\/\/www.hqegbc.org\/en\/wp-json\/wp\/v2\/pages\/23286\/revisions"}],"up":[{"embeddable":true,"href":"https:\/\/www.hqegbc.org\/en\/wp-json\/wp\/v2\/pages\/23332"}],"wp:featuredmedia":[{"embeddable":true,"href":"https:\/\/www.hqegbc.org\/en\/wp-json\/wp\/v2\/media\/14600"}],"wp:attachment":[{"href":"https:\/\/www.hqegbc.org\/en\/wp-json\/wp\/v2\/media?parent=23286"}],"curies":[{"name":"wp","href":"https:\/\/api.w.org\/{rel}","templated":true}]}}